{"id":10226,"date":"2025-06-12T15:38:40","date_gmt":"2025-06-12T13:38:40","guid":{"rendered":"https:\/\/hti-automation.com\/?page_id=10226"},"modified":"2025-07-30T12:27:21","modified_gmt":"2025-07-30T10:27:21","slug":"praktikum","status":"publish","type":"page","link":"https:\/\/hti-automation.com\/de\/praktikum\/","title":{"rendered":"Praktikum"},"content":{"rendered":"<p><div class=\"fusion-fullwidth fullwidth-box fusion-builder-row-1 fusion-flex-container has-pattern-background has-mask-background fusion-parallax-none nonhundred-percent-fullwidth non-hundred-percent-height-scrolling\" style=\"--awb-border-radius-top-left:0px;--awb-border-radius-top-right:0px;--awb-border-radius-bottom-right:0px;--awb-border-radius-bottom-left:0px;--awb-padding-top:60px;--awb-padding-bottom:60px;--awb-min-height:415px;--awb-background-image:url(&quot;https:\/\/hti-automation.com\/wp-content\/uploads\/2025\/06\/DSC3634-1_Tubes_aufgehellt-1024x342.jpg&quot;);--awb-background-size:cover;--awb-flex-wrap:wrap;\" ><div class=\"fusion-builder-row fusion-row fusion-flex-align-items-flex-start fusion-flex-align-content-center fusion-flex-justify-content-space-around fusion-flex-content-wrap\" style=\"max-width:1357.2px;margin-left: calc(-4% \/ 2 );margin-right: calc(-4% \/ 2 );\"><div class=\"fusion-layout-column fusion_builder_column fusion-builder-column-0 fusion_builder_column_3_4 3_4 fusion-flex-column fusion-no-small-visibility\" style=\"--awb-bg-size:cover;--awb-width-large:75%;--awb-margin-top-large:0px;--awb-spacing-right-large:2.56%;--awb-margin-bottom-large:20px;--awb-spacing-left-large:2.56%;--awb-width-medium:100%;--awb-order-medium:0;--awb-spacing-right-medium:1.92%;--awb-spacing-left-medium:1.92%;--awb-width-small:100%;--awb-order-small:0;--awb-spacing-right-small:1.92%;--awb-spacing-left-small:1.92%;\"><div class=\"fusion-column-wrapper fusion-column-has-shadow fusion-flex-justify-content-flex-start fusion-content-layout-column\"><div class=\"fusion-text fusion-text-1\" style=\"--awb-text-transform:none;\"><h1>Praktikanten-Stellen (m\/w\/d)<\/h1>\n<\/div><div class=\"fusion-text fusion-text-2 introtextblue\" style=\"--awb-text-transform:none;\"><p>Im Bereich der Neu- und Weiterentwicklung von Automationsl\u00f6sungen suchen wir motivierte Praktikantinnen und Praktikanten in den folgenden Fachrichtungen:<\/p>\n<ul>\n<li>Steuerungstechnik, Programmierung<\/li>\n<li>Mechatronik &#8211; Elektronik<\/li>\n<li>Automatisierung oder verwandte technische Bereiche<\/li>\n<li>Marketing, Mediengestaltung<\/li>\n<\/ul>\n<\/div><div ><a class=\"fusion-button button-flat fusion-button-default-size button-default fusion-button-default button-1 fusion-button-default-span fusion-button-default-type\" target=\"_blank\" rel=\"noopener noreferrer\" href=\"https:\/\/hti-automation.com\/wp-content\/uploads\/2020\/12\/Praktikanten.pdf\"><span class=\"fusion-button-text awb-button__text awb-button__text--default\">Anzeige Herunterladen<\/span><\/a><\/div><\/div><\/div><\/div><\/div><div class=\"fusion-fullwidth fullwidth-box fusion-builder-row-2 fusion-flex-container nonhundred-percent-fullwidth non-hundred-percent-height-scrolling fusion-no-medium-visibility fusion-no-large-visibility\" style=\"--awb-border-radius-top-left:0px;--awb-border-radius-top-right:0px;--awb-border-radius-bottom-right:0px;--awb-border-radius-bottom-left:0px;--awb-padding-top:30px;--awb-padding-bottom:0px;--awb-flex-wrap:wrap;\" ><div class=\"fusion-builder-row fusion-row fusion-flex-align-items-flex-start fusion-flex-content-wrap\" style=\"max-width:1357.2px;margin-left: calc(-4% \/ 2 );margin-right: calc(-4% \/ 2 );\"><div class=\"fusion-layout-column fusion_builder_column fusion-builder-column-1 fusion_builder_column_1_1 1_1 fusion-flex-column\" style=\"--awb-bg-size:cover;--awb-width-large:100%;--awb-margin-top-large:0px;--awb-spacing-right-large:1.92%;--awb-margin-bottom-large:20px;--awb-spacing-left-large:1.92%;--awb-width-medium:100%;--awb-order-medium:0;--awb-spacing-right-medium:1.92%;--awb-spacing-left-medium:1.92%;--awb-width-small:100%;--awb-order-small:0;--awb-spacing-right-small:1.92%;--awb-spacing-left-small:1.92%;\"><div class=\"fusion-column-wrapper fusion-column-has-shadow fusion-flex-justify-content-flex-start fusion-content-layout-column\"><div class=\"fusion-text fusion-text-3\" style=\"--awb-font-size:30px;--awb-text-transform:none;--awb-text-font-family:&quot;Simplon Norm Regular&quot;;--awb-text-font-style:normal;--awb-text-font-weight:400;\"><h2>Praktikanten-Stellen (m\/w\/d)<\/h2>\n<\/div><div class=\"fusion-text fusion-text-4 introtextblue\" style=\"--awb-text-transform:none;\"><p>Im Bereich der Neu- und Weiterentwicklung von Automationsl\u00f6sungen suchen wir motivierte Praktikantinnen und Praktikanten in den folgenden Fachrichtungen:<\/p>\n<ul>\n<li>Steuerungstechnik, Programmierung<\/li>\n<li>Mechatronik &#8211; Elektronik<\/li>\n<li>Automatisierung oder verwandte technische Bereiche<\/li>\n<li>Marketing, Mediengestaltung<\/li>\n<\/ul>\n<\/div><div ><a class=\"fusion-button button-flat fusion-button-default-size button-default fusion-button-default button-2 fusion-button-default-span fusion-button-default-type\" target=\"_blank\" rel=\"noopener noreferrer\" href=\"https:\/\/hti-automation.com\/wp-content\/uploads\/2020\/12\/Praktikanten.pdf\"><span class=\"fusion-button-text awb-button__text awb-button__text--default\">Anzeige Herunterladen<\/span><\/a><\/div><\/div><\/div><\/div><\/div><div class=\"fusion-fullwidth fullwidth-box fusion-builder-row-3 fusion-flex-container nonhundred-percent-fullwidth non-hundred-percent-height-scrolling\" style=\"--awb-border-radius-top-left:0px;--awb-border-radius-top-right:0px;--awb-border-radius-bottom-right:0px;--awb-border-radius-bottom-left:0px;--awb-padding-top:60px;--awb-padding-bottom:60px;--awb-flex-wrap:wrap;\" ><div class=\"fusion-builder-row fusion-row fusion-flex-align-items-flex-start fusion-flex-content-wrap\" style=\"max-width:1357.2px;margin-left: calc(-4% \/ 2 );margin-right: calc(-4% \/ 2 );\"><div class=\"fusion-layout-column fusion_builder_column fusion-builder-column-2 fusion_builder_column_1_1 1_1 fusion-flex-column\" style=\"--awb-bg-size:cover;--awb-width-large:100%;--awb-margin-top-large:0px;--awb-spacing-right-large:1.92%;--awb-margin-bottom-large:20px;--awb-spacing-left-large:1.92%;--awb-width-medium:100%;--awb-order-medium:0;--awb-spacing-right-medium:1.92%;--awb-spacing-left-medium:1.92%;--awb-width-small:100%;--awb-order-small:0;--awb-spacing-right-small:1.92%;--awb-spacing-left-small:1.92%;\"><div class=\"fusion-column-wrapper fusion-column-has-shadow fusion-flex-justify-content-flex-start fusion-content-layout-column\"><div class=\"fusion-text fusion-text-5\" style=\"--awb-font-size:30px;--awb-text-font-family:&quot;Simplon Norm Regular&quot;;--awb-text-font-style:normal;--awb-text-font-weight:400;\"><h2>Ihre T\u00e4tigkeit beinhaltet die Mitarbeit bei folgenden Aufgaben:<\/h2>\n<\/div><div class=\"fusion-text fusion-text-6\"><ul>\n<li>Neu- und Weiterentwicklung von Baugruppen und Ger\u00e4ten<\/li>\n<li>Konzepterstellung von modularen Automaten, Bauraumuntersuchung<\/li>\n<li>Internetrecherchen nach g\u00e4ngigen L\u00f6sungen und Komponenten<\/li>\n<li>Aufbau und Tests von Ger\u00e4ten<\/li>\n<li>Erstellung von Unterlagen f\u00fcr die interne Entwicklungs-Projekte<\/li>\n<\/ul>\n<\/div><\/div><\/div><div class=\"fusion-layout-column fusion_builder_column fusion-builder-column-3 fusion_builder_column_1_1 1_1 fusion-flex-column\" style=\"--awb-bg-size:cover;--awb-width-large:100%;--awb-margin-top-large:0px;--awb-spacing-right-large:1.92%;--awb-margin-bottom-large:20px;--awb-spacing-left-large:1.92%;--awb-width-medium:100%;--awb-order-medium:0;--awb-spacing-right-medium:1.92%;--awb-spacing-left-medium:1.92%;--awb-width-small:100%;--awb-order-small:0;--awb-spacing-right-small:1.92%;--awb-spacing-left-small:1.92%;\"><div class=\"fusion-column-wrapper fusion-column-has-shadow fusion-flex-justify-content-flex-start fusion-content-layout-column\"><div class=\"fusion-text fusion-text-7\" style=\"--awb-font-size:30px;--awb-text-font-family:&quot;Simplon Norm Regular&quot;;--awb-text-font-style:normal;--awb-text-font-weight:400;\"><h2>Ihr Profil:<\/h2>\n<\/div><div class=\"fusion-text fusion-text-8\"><ul>\n<li>Studenten der Ingenieurwissenschaften oder Technikerausbildung<\/li>\n<li>Studenten aus dem Bereichen Wirtschaftsingenieurwesen<\/li>\n<li>Studenten aus dem Bereichen Bioingenieurwesen<\/li>\n<li>Studenten der Mediengestaltung<\/li>\n<\/ul>\n<\/div><\/div><\/div><div class=\"fusion-layout-column fusion_builder_column fusion-builder-column-4 fusion_builder_column_1_1 1_1 fusion-flex-column\" style=\"--awb-bg-size:cover;--awb-width-large:100%;--awb-margin-top-large:0px;--awb-spacing-right-large:1.92%;--awb-margin-bottom-large:20px;--awb-spacing-left-large:1.92%;--awb-width-medium:100%;--awb-order-medium:0;--awb-spacing-right-medium:1.92%;--awb-spacing-left-medium:1.92%;--awb-width-small:100%;--awb-order-small:0;--awb-spacing-right-small:1.92%;--awb-spacing-left-small:1.92%;\"><div class=\"fusion-column-wrapper fusion-column-has-shadow fusion-flex-justify-content-flex-start fusion-content-layout-column\"><div class=\"fusion-text fusion-text-9\" style=\"--awb-font-size:30px;--awb-text-font-family:&quot;Simplon Norm Regular&quot;;--awb-text-font-style:normal;--awb-text-font-weight:400;\"><h2>Was wir Ihnen daf\u00fcr bieten:<\/h2>\n<\/div><div class=\"fusion-text fusion-text-10\"><ul>\n<li>Ein h\u00f6chst motivierendes Arbeitsumfeld in einem famili\u00e4ren Unternehmen<\/li>\n<li>Ein junges, offenes und freundliches Team<\/li>\n<li>Vielseitige und verantwortungsvolle Aufgaben<\/li>\n<\/ul>\n<p>F\u00fcr weitere Ausk\u00fcnfte stehen wir Ihnen gerne zur Verf\u00fcgung<\/p>\n<\/div><\/div><\/div><div class=\"fusion-layout-column fusion_builder_column fusion-builder-column-5 fusion_builder_column_1_1 1_1 fusion-flex-column\" style=\"--awb-bg-size:cover;--awb-width-large:100%;--awb-margin-top-large:0px;--awb-spacing-right-large:1.92%;--awb-margin-bottom-large:20px;--awb-spacing-left-large:1.92%;--awb-width-medium:100%;--awb-order-medium:0;--awb-spacing-right-medium:1.92%;--awb-spacing-left-medium:1.92%;--awb-width-small:100%;--awb-order-small:0;--awb-spacing-right-small:1.92%;--awb-spacing-left-small:1.92%;\"><div class=\"fusion-column-wrapper fusion-column-has-shadow fusion-flex-justify-content-flex-start fusion-content-layout-column\"><div class=\"fusion-text fusion-text-11\" style=\"--awb-font-size:30px;--awb-text-font-family:&quot;Simplon Norm Regular&quot;;--awb-text-font-style:normal;--awb-text-font-weight:400;\"><h2>Ansprechpartner:<\/h2>\n<\/div><div class=\"fusion-text fusion-text-12\"><p>Dr. Wolfgang Heimberg<br \/>\nTel.: <a href=\"tel:+498092209222\">08092 \u2013 2092 \u2013 22<\/a><br \/>\nHTI bio-X GmbH, 85560 Ebersberg<\/p>\n<\/div><\/div><\/div><\/div><\/div><div class=\"fusion-fullwidth fullwidth-box fusion-builder-row-4 fusion-flex-container nonhundred-percent-fullwidth non-hundred-percent-height-scrolling\" style=\"--awb-border-radius-top-left:0px;--awb-border-radius-top-right:0px;--awb-border-radius-bottom-right:0px;--awb-border-radius-bottom-left:0px;--awb-padding-top:34px;--awb-padding-bottom:60px;--awb-flex-wrap:wrap;\" ><div class=\"fusion-builder-row fusion-row fusion-flex-align-items-flex-start fusion-flex-content-wrap\" style=\"max-width:1357.2px;margin-left: calc(-4% \/ 2 );margin-right: calc(-4% \/ 2 );\"><div class=\"fusion-layout-column fusion_builder_column fusion-builder-column-6 fusion_builder_column_1_1 1_1 fusion-flex-column\" style=\"--awb-bg-size:cover;--awb-width-large:100%;--awb-margin-top-large:0px;--awb-spacing-right-large:1.92%;--awb-margin-bottom-large:20px;--awb-spacing-left-large:1.92%;--awb-width-medium:100%;--awb-order-medium:0;--awb-spacing-right-medium:1.92%;--awb-spacing-left-medium:1.92%;--awb-width-small:100%;--awb-order-small:0;--awb-spacing-right-small:1.92%;--awb-spacing-left-small:1.92%;\"><div class=\"fusion-column-wrapper fusion-column-has-shadow fusion-flex-justify-content-flex-start fusion-content-layout-column\"><div class=\"fusion-text fusion-text-13 blue\" style=\"--awb-font-size:34px;--awb-text-transform:none;\"><h2 style=\"text-align: center;\">Wir freuen uns auf Ihre Bewerbung!<\/h2>\n<\/div><div class=\"fusion-text fusion-text-14\"><p style=\"text-align: center;\">Schreiben Sie uns einfach eine kurze E-Mail oder rufen Sie uns an. Wir melden uns anschlie\u00dfend umgehend bei Ihnen .<\/p>\n<\/div><\/div><\/div><div class=\"fusion-layout-column fusion_builder_column fusion-builder-column-7 fusion_builder_column_1_2 1_2 fusion-flex-column\" style=\"--awb-bg-size:cover;--awb-width-large:50%;--awb-margin-top-large:0px;--awb-spacing-right-large:3.84%;--awb-margin-bottom-large:20px;--awb-spacing-left-large:3.84%;--awb-width-medium:100%;--awb-order-medium:0;--awb-spacing-right-medium:1.92%;--awb-spacing-left-medium:1.92%;--awb-width-small:100%;--awb-order-small:0;--awb-spacing-right-small:1.92%;--awb-spacing-left-small:1.92%;\"><div class=\"fusion-column-wrapper fusion-column-has-shadow fusion-flex-justify-content-flex-start fusion-content-layout-column\"><i class=\"fb-icon-element-1 fb-icon-element fontawesome-icon fa-at fas circle-yes\" style=\"--awb-iconcolor:#787878;--awb-iconcolor-hover:#b52473;--awb-circlecolor:#ffffff;--awb-circlecolor-hover:#ffffff;--awb-circlebordercolor:#787878;--awb-circlebordercolor-hover:#787878;--awb-circlebordersize:2px;--awb-font-size:28.16px;--awb-width:56.32px;--awb-height:56.32px;--awb-line-height:52.32px;--awb-align-self:center;--awb-margin-top:0px;--awb-margin-right:0px;--awb-margin-bottom:20px;--awb-margin-left:0px;\"><\/i><div class=\"fusion-text fusion-text-15 blue\" style=\"--awb-text-transform:none;\"><p style=\"text-align: center;\">Mail<br \/>\n<a href=\"mailto:karriere@hti-automation.com\">karriere@hti-automation.com<\/a><\/p>\n<\/div><\/div><\/div><div class=\"fusion-layout-column fusion_builder_column fusion-builder-column-8 fusion_builder_column_1_2 1_2 fusion-flex-column\" style=\"--awb-bg-size:cover;--awb-width-large:50%;--awb-margin-top-large:0px;--awb-spacing-right-large:3.84%;--awb-margin-bottom-large:20px;--awb-spacing-left-large:3.84%;--awb-width-medium:100%;--awb-order-medium:0;--awb-spacing-right-medium:1.92%;--awb-spacing-left-medium:1.92%;--awb-width-small:100%;--awb-order-small:0;--awb-spacing-right-small:1.92%;--awb-spacing-left-small:1.92%;\"><div class=\"fusion-column-wrapper fusion-column-has-shadow fusion-flex-justify-content-flex-start fusion-content-layout-column\"><i class=\"fb-icon-element-2 fb-icon-element fontawesome-icon fa-phone-alt fas circle-yes\" style=\"--awb-iconcolor:#787878;--awb-iconcolor-hover:#b52473;--awb-circlecolor:#ffffff;--awb-circlecolor-hover:#ffffff;--awb-circlebordercolor:#787878;--awb-circlebordercolor-hover:#787878;--awb-circlebordersize:2px;--awb-font-size:28.16px;--awb-width:56.32px;--awb-height:56.32px;--awb-line-height:52.32px;--awb-align-self:center;--awb-margin-top:0px;--awb-margin-right:0px;--awb-margin-bottom:20px;--awb-margin-left:0px;\"><\/i><div class=\"fusion-text fusion-text-16 blue\"><p style=\"text-align: center;\">Phone<br \/>\n+49 (0)8092 2092-0<\/p>\n<\/div><\/div><\/div><div class=\"fusion-layout-column fusion_builder_column fusion-builder-column-9 fusion_builder_column_1_1 1_1 fusion-flex-column\" style=\"--awb-bg-size:cover;--awb-width-large:100%;--awb-margin-top-large:0px;--awb-spacing-right-large:1.92%;--awb-margin-bottom-large:20px;--awb-spacing-left-large:1.92%;--awb-width-medium:100%;--awb-order-medium:0;--awb-spacing-right-medium:1.92%;--awb-spacing-left-medium:1.92%;--awb-width-small:100%;--awb-order-small:0;--awb-spacing-right-small:1.92%;--awb-spacing-left-small:1.92%;\"><div class=\"fusion-column-wrapper fusion-column-has-shadow fusion-flex-justify-content-flex-start fusion-content-layout-column\"><\/div><\/div><\/div><\/div><div class=\"fusion-fullwidth fullwidth-box fusion-builder-row-5 fusion-flex-container hundred-percent-fullwidth non-hundred-percent-height-scrolling\" style=\"--awb-border-radius-top-left:0px;--awb-border-radius-top-right:0px;--awb-border-radius-bottom-right:0px;--awb-border-radius-bottom-left:0px;--awb-padding-top:0px;--awb-padding-bottom:0px;--awb-flex-wrap:wrap;\" ><div class=\"fusion-builder-row fusion-row fusion-flex-align-items-flex-start fusion-flex-content-wrap\" style=\"width:104% !important;max-width:104% !important;margin-left: calc(-4% \/ 2 );margin-right: calc(-4% \/ 2 );\"><div class=\"fusion-layout-column fusion_builder_column fusion-builder-column-10 fusion_builder_column_1_1 1_1 fusion-flex-column\" style=\"--awb-bg-size:cover;--awb-width-large:100%;--awb-margin-top-large:0px;--awb-spacing-right-large:1.92%;--awb-margin-bottom-large:20px;--awb-spacing-left-large:1.92%;--awb-width-medium:100%;--awb-order-medium:0;--awb-spacing-right-medium:1.92%;--awb-spacing-left-medium:1.92%;--awb-width-small:100%;--awb-order-small:0;--awb-spacing-right-small:1.92%;--awb-spacing-left-small:1.92%;\"><div class=\"fusion-column-wrapper fusion-column-has-shadow fusion-flex-justify-content-flex-start fusion-content-layout-column\"> <div class=\"brlbs-cmpnt-container brlbs-cmpnt-content-blocker brlbs-cmpnt-with-individual-styles\" data-borlabs-cookie-content-blocker-id=\"google-maps\" data-borlabs-cookie-content=\"PGlmcmFtZSBsb2FkaW5nPSJsYXp5IiBzcmM9Imh0dHBzOi8vd3d3Lmdvb2dsZS5jb20vbWFwcy9lbWJlZD9wYj0hMW0xOCExbTEyITFtMyExZDI2NjQuNzY4MjQyMzkzMDgxNCEyZDExLjk1OTk3MTAxNTgzMzU3NyEzZDQ4LjA5NTQxNDE2MjA3NTM2ITJtMyExZjAhMmYwITNmMCEzbTIhMWkxMDI0ITJpNzY4ITRmMTMuMSEzbTMhMW0yITFzMHg0NzllMDBhOWU5YTMwNzk3JTNBMHg2M2Y0MTdhMDViZDMwZjRhITJzSFRJJTIwQXV0b21hdGlvbiE1ZTAhM20yITFzZGUhMnNkZSE0djE2MDgyNTM3NzAwMzEhNW0yITFzZGUhMnNkZSIgd2lkdGg9IjIwMDAiIGhlaWdodD0iNjAwIiBmcmFtZWJvcmRlcj0iMCIgc3R5bGU9ImJvcmRlcjowOyIgYWxsb3dmdWxsc2NyZWVuPSIiIGFyaWEtaGlkZGVuPSJmYWxzZSIgdGFiaW5kZXg9IjAiPjwvaWZyYW1lPg==\"><div class=\"brlbs-cmpnt-cb-preset-b brlbs-cmpnt-cb-google-maps\"> <div class=\"brlbs-cmpnt-cb-thumbnail\" style=\"background-image: url('https:\/\/hti-automation.com\/wp-content\/uploads\/borlabs-cookie\/1\/brlbs-cb-google-maps-main.png')\"><\/div> <div class=\"brlbs-cmpnt-cb-main\"> <div class=\"brlbs-cmpnt-cb-content\"> <p class=\"brlbs-cmpnt-cb-description\">Sie sehen gerade einen Platzhalterinhalt von <strong>Google Maps<\/strong>. Um auf den eigentlichen Inhalt zuzugreifen, klicken Sie auf die Schaltfl\u00e4che unten. Bitte beachten Sie, dass dabei Daten an Drittanbieter weitergegeben werden.<\/p> <a class=\"brlbs-cmpnt-cb-provider-toggle\" href=\"#\" data-borlabs-cookie-show-provider-information role=\"button\">Mehr Informationen<\/a> <\/div> <div class=\"brlbs-cmpnt-cb-buttons\"> <a class=\"brlbs-cmpnt-cb-btn\" href=\"#\" data-borlabs-cookie-unblock role=\"button\">Inhalt entsperren<\/a> <a class=\"brlbs-cmpnt-cb-btn\" href=\"#\" data-borlabs-cookie-accept-service role=\"button\" style=\"display: inherit\">Erforderlichen Service akzeptieren und Inhalte entsperren<\/a> <\/div> <\/div> <\/div><\/div><\/div><\/div><\/div><\/div><\/p>\n","protected":false},"excerpt":{"rendered":"","protected":false},"author":15,"featured_media":0,"parent":0,"menu_order":110,"comment_status":"closed","ping_status":"closed","template":"100-width.php","meta":{"footnotes":""},"class_list":["post-10226","page","type-page","status-publish","hentry"],"_links":{"self":[{"href":"https:\/\/hti-automation.com\/de\/wp-json\/wp\/v2\/pages\/10226","targetHints":{"allow":["GET"]}}],"collection":[{"href":"https:\/\/hti-automation.com\/de\/wp-json\/wp\/v2\/pages"}],"about":[{"href":"https:\/\/hti-automation.com\/de\/wp-json\/wp\/v2\/types\/page"}],"author":[{"embeddable":true,"href":"https:\/\/hti-automation.com\/de\/wp-json\/wp\/v2\/users\/15"}],"replies":[{"embeddable":true,"href":"https:\/\/hti-automation.com\/de\/wp-json\/wp\/v2\/comments?post=10226"}],"version-history":[{"count":24,"href":"https:\/\/hti-automation.com\/de\/wp-json\/wp\/v2\/pages\/10226\/revisions"}],"predecessor-version":[{"id":10522,"href":"https:\/\/hti-automation.com\/de\/wp-json\/wp\/v2\/pages\/10226\/revisions\/10522"}],"wp:attachment":[{"href":"https:\/\/hti-automation.com\/de\/wp-json\/wp\/v2\/media?parent=10226"}],"curies":[{"name":"wp","href":"https:\/\/api.w.org\/{rel}","templated":true}]}}