{"id":10716,"date":"2025-08-19T08:58:03","date_gmt":"2025-08-19T06:58:03","guid":{"rendered":"https:\/\/hti-automation.com\/?page_id=10716"},"modified":"2025-08-19T10:32:54","modified_gmt":"2025-08-19T08:32:54","slug":"danke-anmeldung","status":"publish","type":"page","link":"https:\/\/hti-automation.com\/de\/danke-anmeldung\/","title":{"rendered":"Danke f\u00fcr Ihre Anmeldung"},"content":{"rendered":"<p><div class=\"fusion-fullwidth fullwidth-box fusion-builder-row-1 fusion-flex-container has-pattern-background has-mask-background fusion-parallax-none nonhundred-percent-fullwidth non-hundred-percent-height-scrolling\" style=\"--awb-background-blend-mode:overlay;--awb-border-radius-top-left:0px;--awb-border-radius-top-right:0px;--awb-border-radius-bottom-right:0px;--awb-border-radius-bottom-left:0px;--awb-padding-top:60px;--awb-padding-bottom:60px;--awb-min-height:415px;--awb-background-color:rgba(0,16,40,0.6);--awb-background-image:url(&quot;https:\/\/hti-automation.com\/wp-content\/uploads\/2025\/06\/hti-danke-header-vielen-dank-fuer-ihre-nachricht-1024x335.webp&quot;);--awb-background-image-medium:url(&#039;https:\/\/hti-automation.com\/wp-content\/uploads\/2025\/06\/hti-danke-header-vielen-dank-fuer-ihre-nachricht-mobil-bearbeitet-1024x335.webp&#039;);--awb-background-image-small:url(&#039;https:\/\/hti-automation.com\/wp-content\/uploads\/2025\/06\/hti-danke-header-vielen-dank-fuer-ihre-nachricht-mobil-bearbeitet-1024x335.webp&#039;);--awb-background-size:cover;--awb-flex-wrap:wrap;\" ><div class=\"fusion-builder-row fusion-row fusion-flex-align-items-flex-start fusion-flex-align-content-center fusion-flex-justify-content-space-around fusion-flex-content-wrap\" style=\"max-width:1357.2px;margin-left: calc(-4% \/ 2 );margin-right: calc(-4% \/ 2 );\"><div class=\"fusion-layout-column fusion_builder_column fusion-builder-column-0 fusion_builder_column_1_2 1_2 fusion-flex-column fusion-no-small-visibility\" style=\"--awb-bg-size:cover;--awb-width-large:50%;--awb-margin-top-large:0px;--awb-spacing-right-large:3.84%;--awb-margin-bottom-large:20px;--awb-spacing-left-large:3.84%;--awb-width-medium:100%;--awb-order-medium:0;--awb-spacing-right-medium:1.92%;--awb-spacing-left-medium:1.92%;--awb-width-small:100%;--awb-order-small:0;--awb-spacing-right-small:1.92%;--awb-spacing-left-small:1.92%;\"><div class=\"fusion-column-wrapper fusion-column-has-shadow fusion-flex-justify-content-flex-start fusion-content-layout-column\"><div class=\"fusion-text fusion-text-1\"><h1 class=\"entry-title\"><span style=\"color: #ffffff;\">Vielen Dank f\u00fcr Ihre Anmeldung!<\/span><\/h1>\n<\/div><div class=\"fusion-text fusion-text-2 introtextblue\"><p><span style=\"color: #ffffff;\">Vielen Dank f\u00fcr Ihr Interesse an HTI Automation und unsere Angebote im Bereich Laborautomatisierung.<\/span><\/p>\n<p><span style=\"color: #ffffff;\">Ihre Anmeldung wurde erfolgreich \u00fcbermittelt und wird von unserem Team zeitnah gepr\u00fcft.<\/span><\/p>\n<\/div><\/div><\/div><div class=\"fusion-layout-column fusion_builder_column fusion-builder-column-1 fusion_builder_column_1_2 1_2 fusion-flex-column fusion-no-small-visibility\" style=\"--awb-bg-size:cover;--awb-width-large:50%;--awb-margin-top-large:0px;--awb-spacing-right-large:3.84%;--awb-margin-bottom-large:20px;--awb-spacing-left-large:3.84%;--awb-width-medium:100%;--awb-order-medium:0;--awb-spacing-right-medium:1.92%;--awb-spacing-left-medium:1.92%;--awb-width-small:100%;--awb-order-small:0;--awb-spacing-right-small:1.92%;--awb-spacing-left-small:1.92%;\"><div class=\"fusion-column-wrapper fusion-column-has-shadow fusion-flex-justify-content-flex-start fusion-content-layout-column\"><\/div><\/div><\/div><\/div><div class=\"fusion-fullwidth fullwidth-box fusion-builder-row-2 fusion-flex-container nonhundred-percent-fullwidth non-hundred-percent-height-scrolling fusion-no-medium-visibility fusion-no-large-visibility\" style=\"--awb-border-radius-top-left:0px;--awb-border-radius-top-right:0px;--awb-border-radius-bottom-right:0px;--awb-border-radius-bottom-left:0px;--awb-padding-top:30px;--awb-padding-bottom:0px;--awb-flex-wrap:wrap;\" ><div class=\"fusion-builder-row fusion-row fusion-flex-align-items-flex-start fusion-flex-content-wrap\" style=\"max-width:1357.2px;margin-left: calc(-4% \/ 2 );margin-right: calc(-4% \/ 2 );\"><div class=\"fusion-layout-column fusion_builder_column fusion-builder-column-2 fusion_builder_column_1_1 1_1 fusion-flex-column\" style=\"--awb-bg-size:cover;--awb-width-large:100%;--awb-margin-top-large:0px;--awb-spacing-right-large:1.92%;--awb-margin-bottom-large:20px;--awb-spacing-left-large:1.92%;--awb-width-medium:100%;--awb-order-medium:0;--awb-spacing-right-medium:1.92%;--awb-spacing-left-medium:1.92%;--awb-width-small:100%;--awb-order-small:0;--awb-spacing-right-small:1.92%;--awb-spacing-left-small:1.92%;\"><div class=\"fusion-column-wrapper fusion-column-has-shadow fusion-flex-justify-content-flex-start fusion-content-layout-column\"><div class=\"fusion-text fusion-text-3\" style=\"--awb-font-size:30px;\"><h2 class=\"entry-title\">Vielen Dank f\u00fcr Ihre Nachricht!<\/h2>\n<\/div><div class=\"fusion-text fusion-text-4 introtextblue\"><p>Wir freuen uns \u00fcber Ihr Interesse an HTI Automation und unseren L\u00f6sungen zur Laborautomatisierung.<br \/>\nIhre Anfrage ist bei uns eingegangen und wird schnellstm\u00f6glich von unserem Team bearbeitet.<\/p>\n<\/div><\/div><\/div><\/div><\/div><div class=\"fusion-fullwidth fullwidth-box fusion-builder-row-3 fusion-flex-container nonhundred-percent-fullwidth non-hundred-percent-height-scrolling\" style=\"--awb-border-radius-top-left:0px;--awb-border-radius-top-right:0px;--awb-border-radius-bottom-right:0px;--awb-border-radius-bottom-left:0px;--awb-padding-top:60px;--awb-padding-bottom:60px;--awb-flex-wrap:wrap;\" ><div class=\"fusion-builder-row fusion-row fusion-flex-align-items-flex-start fusion-flex-content-wrap\" style=\"max-width:1357.2px;margin-left: calc(-4% \/ 2 );margin-right: calc(-4% \/ 2 );\"><div class=\"fusion-layout-column fusion_builder_column fusion-builder-column-3 fusion_builder_column_1_1 1_1 fusion-flex-column\" style=\"--awb-bg-size:cover;--awb-width-large:100%;--awb-margin-top-large:0px;--awb-spacing-right-large:1.92%;--awb-margin-bottom-large:20px;--awb-spacing-left-large:1.92%;--awb-width-medium:100%;--awb-order-medium:0;--awb-spacing-right-medium:1.92%;--awb-spacing-left-medium:1.92%;--awb-width-small:100%;--awb-order-small:0;--awb-spacing-right-small:1.92%;--awb-spacing-left-small:1.92%;\"><div class=\"fusion-column-wrapper fusion-column-has-shadow fusion-flex-justify-content-flex-start fusion-content-layout-column\"><div class=\"fusion-title title fusion-title-1 fusion-title-text fusion-title-size-two\" style=\"--awb-margin-bottom:-15px;--awb-margin-top-small:0px;--awb-margin-right-small:0px;--awb-margin-bottom-small:20px;--awb-margin-left-small:0px;--awb-font-size:36px;\"><div class=\"title-sep-container title-sep-container-left fusion-no-large-visibility fusion-no-medium-visibility fusion-no-small-visibility\"><div class=\"title-sep sep- sep-solid\" style=\"border-color:#e0dede;\"><\/div><\/div><span class=\"awb-title-spacer fusion-no-large-visibility fusion-no-medium-visibility fusion-no-small-visibility\"><\/span><h2 class=\"fusion-title-heading title-heading-left fusion-responsive-typography-calculated\" style=\"margin:0;font-size:1em;--fontSize:36;line-height:1.2;\"><h2>Wenn Sie sich schon jetzt n\u00e4her \u00fcber uns informieren m\u00f6chten:<\/h2><\/h2><span class=\"awb-title-spacer\"><\/span><div class=\"title-sep-container title-sep-container-right\"><div class=\"title-sep sep- sep-solid\" style=\"border-color:#e0dede;\"><\/div><\/div><\/div><div class=\"fusion-content-boxes content-boxes columns row fusion-columns-3 fusion-columns-total-3 fusion-content-boxes-1 content-boxes-clean-horizontal content-left content-boxes-icon-on-side has-flex-alignment labs\" style=\"--awb-border-radius-top-left:5px;--awb-border-radius-top-right:5px;--awb-border-radius-bottom-right:5px;--awb-border-radius-bottom-left:5px;--awb-alignment:flex-end;--awb-body-color:#ffffff;--awb-title-color:#ffffff;--awb-hover-accent-color:#b52473;--awb-circle-hover-accent-color:#b52473;\" data-animationOffset=\"top-into-view\"><div style=\"--awb-backgroundcolor:#162b51;border-color:rgba(255,255,255,0);\" class=\"fusion-column content-box-column content-box-column content-box-column-1 col-lg-4 col-md-4 col-sm-4 fusion-content-box-hover content-box-column-first-in-row\"><div class=\"col content-box-wrapper content-wrapper-background link-area-box link-type-button icon-hover-animation-none\" data-link=\"https:\/\/hti-automation.com\/de\/company\/\" data-link-target=\"_self\" data-animationOffset=\"top-into-view\"><div class=\"heading icon-left\"><a class=\"heading-link\" href=\"https:\/\/hti-automation.com\/de\/company\/\" target=\"_self\"><h2 class=\"content-box-heading fusion-responsive-typography-calculated\" style=\"--h2_typography-font-size:32px;--fontSize:32;line-height:1.2;\">Weitere Informationen zu HTI Automation<\/h2><\/a><\/div><div class=\"fusion-clearfix\"><\/div><a class=\"fusion-read-more-button fusion-content-box-button fusion-button button-default fusion-button-default-size button- button-flat\" style=\"margin-left:20px;\" href=\"https:\/\/hti-automation.com\/de\/company\/\" target=\"_self\"><span class=\"fusion-button-text\">Mehr Erfahren<\/span><\/a><div class=\"fusion-clearfix\"><\/div><\/div><\/div><div style=\"--awb-backgroundcolor:#162b51;border-color:rgba(255,255,255,0);\" class=\"fusion-column content-box-column content-box-column content-box-column-2 col-lg-4 col-md-4 col-sm-4 fusion-content-box-hover \"><div class=\"col content-box-wrapper content-wrapper-background link-area-box link-type-button icon-hover-animation-none\" data-link=\"https:\/\/hti-automation.com\/de\/tube-handlers\/\" data-link-target=\"_self\" data-animationOffset=\"top-into-view\"><div class=\"heading icon-left\"><a class=\"heading-link\" href=\"https:\/\/hti-automation.com\/de\/tube-handlers\/\" target=\"_self\"><h2 class=\"content-box-heading fusion-responsive-typography-calculated\" style=\"--h2_typography-font-size:32px;--fontSize:32;line-height:1.2;\">Produkte und L\u00f6sungen im \u00dcberblick<\/h2><\/a><\/div><div class=\"fusion-clearfix\"><\/div><a class=\"fusion-read-more-button fusion-content-box-button fusion-button button-default fusion-button-default-size button- button-flat\" style=\"margin-left:20px;\" href=\"https:\/\/hti-automation.com\/de\/tube-handlers\/\" target=\"_self\"><span class=\"fusion-button-text\">Mehr Erfahren<\/span><\/a><div class=\"fusion-clearfix\"><\/div><\/div><\/div><div style=\"--awb-backgroundcolor:#162b51;border-color:rgba(255,255,255,0);\" class=\"fusion-column content-box-column content-box-column content-box-column-3 col-lg-4 col-md-4 col-sm-4 fusion-content-box-hover content-box-column-last content-box-column-last-in-row\"><div class=\"col content-box-wrapper content-wrapper-background link-area-box link-type-button icon-hover-animation-none\" data-link=\"https:\/\/hti-automation.com\/de\/references\/\" data-link-target=\"_self\" data-animationOffset=\"top-into-view\"><div class=\"heading icon-left\"><a class=\"heading-link\" href=\"https:\/\/hti-automation.com\/de\/references\/\" target=\"_self\"><h2 class=\"content-box-heading fusion-responsive-typography-calculated\" style=\"--h2_typography-font-size:32px;--fontSize:32;line-height:1.2;\">Projekte, die f\u00fcr sich sprechen<\/h2><\/a><\/div><div class=\"fusion-clearfix\"><\/div><a class=\"fusion-read-more-button fusion-content-box-button fusion-button button-default fusion-button-default-size button- button-flat\" style=\"margin-left:20px;\" href=\"https:\/\/hti-automation.com\/de\/references\/\" target=\"_self\"><span class=\"fusion-button-text\">Mehr Erfahren<\/span><\/a><div class=\"fusion-clearfix\"><\/div><\/div><\/div><div class=\"fusion-clearfix\"><\/div><\/div><\/div><\/div><\/div><\/div><div class=\"fusion-fullwidth fullwidth-box fusion-builder-row-4 fusion-flex-container has-pattern-background has-mask-background nonhundred-percent-fullwidth non-hundred-percent-height-scrolling\" style=\"--awb-border-radius-top-left:0px;--awb-border-radius-top-right:0px;--awb-border-radius-bottom-right:0px;--awb-border-radius-bottom-left:0px;--awb-flex-wrap:wrap;\" ><div class=\"fusion-builder-row fusion-row fusion-flex-align-items-flex-start fusion-flex-content-wrap\" style=\"max-width:1357.2px;margin-left: calc(-4% \/ 2 );margin-right: calc(-4% \/ 2 );\"><\/div><\/div><\/p>\n","protected":false},"excerpt":{"rendered":"","protected":false},"author":15,"featured_media":0,"parent":0,"menu_order":120,"comment_status":"closed","ping_status":"closed","template":"100-width.php","meta":{"footnotes":""},"class_list":["post-10716","page","type-page","status-publish","hentry"],"_links":{"self":[{"href":"https:\/\/hti-automation.com\/de\/wp-json\/wp\/v2\/pages\/10716","targetHints":{"allow":["GET"]}}],"collection":[{"href":"https:\/\/hti-automation.com\/de\/wp-json\/wp\/v2\/pages"}],"about":[{"href":"https:\/\/hti-automation.com\/de\/wp-json\/wp\/v2\/types\/page"}],"author":[{"embeddable":true,"href":"https:\/\/hti-automation.com\/de\/wp-json\/wp\/v2\/users\/15"}],"replies":[{"embeddable":true,"href":"https:\/\/hti-automation.com\/de\/wp-json\/wp\/v2\/comments?post=10716"}],"version-history":[{"count":5,"href":"https:\/\/hti-automation.com\/de\/wp-json\/wp\/v2\/pages\/10716\/revisions"}],"predecessor-version":[{"id":10723,"href":"https:\/\/hti-automation.com\/de\/wp-json\/wp\/v2\/pages\/10716\/revisions\/10723"}],"wp:attachment":[{"href":"https:\/\/hti-automation.com\/de\/wp-json\/wp\/v2\/media?parent=10716"}],"curies":[{"name":"wp","href":"https:\/\/api.w.org\/{rel}","templated":true}]}}