{"id":14076,"date":"2026-04-29T10:19:07","date_gmt":"2026-04-29T08:19:07","guid":{"rendered":"https:\/\/hti-automation.com\/?page_id=14076"},"modified":"2026-04-30T16:00:59","modified_gmt":"2026-04-30T14:00:59","slug":"projektmanager-kunden-und-entwicklungsprojekte","status":"publish","type":"page","link":"https:\/\/hti-automation.com\/de\/projektmanager-kunden-und-entwicklungsprojekte\/","title":{"rendered":"Projektmanager f\u00fcr Kunden- und Entwicklungsprojekte [m\/w\/d]"},"content":{"rendered":"<p><div class=\"fusion-fullwidth fullwidth-box fusion-builder-row-1 fusion-flex-container has-pattern-background has-mask-background fusion-parallax-none nonhundred-percent-fullwidth non-hundred-percent-height-scrolling\" style=\"--awb-border-radius-top-left:0px;--awb-border-radius-top-right:0px;--awb-border-radius-bottom-right:0px;--awb-border-radius-bottom-left:0px;--awb-padding-top:60px;--awb-padding-bottom:60px;--awb-min-height:415px;--awb-background-image:url(&quot;https:\/\/hti-automation.com\/wp-content\/uploads\/2025\/06\/DSC3634-1_Tubes_aufgehellt-1024x342.jpg&quot;);--awb-background-size:cover;--awb-flex-wrap:wrap;\" ><div class=\"fusion-builder-row fusion-row fusion-flex-align-items-flex-start fusion-flex-align-content-center fusion-flex-justify-content-space-around fusion-flex-content-wrap\" style=\"max-width:1357.2px;margin-left: calc(-4% \/ 2 );margin-right: calc(-4% \/ 2 );\"><div class=\"fusion-layout-column fusion_builder_column fusion-builder-column-0 fusion_builder_column_3_4 3_4 fusion-flex-column fusion-no-small-visibility\" style=\"--awb-bg-size:cover;--awb-width-large:75%;--awb-margin-top-large:0px;--awb-spacing-right-large:2.56%;--awb-margin-bottom-large:20px;--awb-spacing-left-large:2.56%;--awb-width-medium:100%;--awb-order-medium:0;--awb-spacing-right-medium:1.92%;--awb-spacing-left-medium:1.92%;--awb-width-small:100%;--awb-order-small:0;--awb-spacing-right-small:1.92%;--awb-spacing-left-small:1.92%;\"><div class=\"fusion-column-wrapper fusion-column-has-shadow fusion-flex-justify-content-flex-start fusion-content-layout-column\"><div class=\"fusion-text fusion-text-1 introtextblue\" style=\"--awb-text-transform:none;\"><p>F\u00fcr die Leitung unserer Kunden- und Entwicklungsprojekte suchen wir zum n\u00e4chstm\u00f6glichen Zeitpunkt:<\/p>\n<\/div><div class=\"fusion-text fusion-text-2\" style=\"--awb-text-transform:none;\"><h1>Projektmanager f\u00fcr Kunden- und Entwicklungsprojekte (m\/w\/d)<\/h1>\n<\/div><div ><a class=\"fusion-button button-flat fusion-button-default-size button-default fusion-button-default button-1 fusion-button-default-span fusion-button-default-type\" target=\"_blank\" rel=\"noopener noreferrer\" href=\"\/wp-content\/uploads\/2026\/04\/stellenanzeige-projektmanager-fuer-kunden-und-entwicklungsprojekte.pdf\"><span class=\"fusion-button-text awb-button__text awb-button__text--default\">Anzeige Herunterladen<\/span><\/a><\/div><\/div><\/div><\/div><\/div><div class=\"fusion-fullwidth fullwidth-box fusion-builder-row-2 fusion-flex-container nonhundred-percent-fullwidth non-hundred-percent-height-scrolling fusion-no-medium-visibility fusion-no-large-visibility\" style=\"--awb-border-radius-top-left:0px;--awb-border-radius-top-right:0px;--awb-border-radius-bottom-right:0px;--awb-border-radius-bottom-left:0px;--awb-padding-top:30px;--awb-padding-bottom:0px;--awb-flex-wrap:wrap;\" ><div class=\"fusion-builder-row fusion-row fusion-flex-align-items-flex-start fusion-flex-content-wrap\" style=\"max-width:1357.2px;margin-left: calc(-4% \/ 2 );margin-right: calc(-4% \/ 2 );\"><div class=\"fusion-layout-column fusion_builder_column fusion-builder-column-1 fusion_builder_column_1_1 1_1 fusion-flex-column\" style=\"--awb-bg-size:cover;--awb-width-large:100%;--awb-margin-top-large:0px;--awb-spacing-right-large:1.92%;--awb-margin-bottom-large:20px;--awb-spacing-left-large:1.92%;--awb-width-medium:100%;--awb-order-medium:0;--awb-spacing-right-medium:1.92%;--awb-spacing-left-medium:1.92%;--awb-width-small:100%;--awb-order-small:0;--awb-spacing-right-small:1.92%;--awb-spacing-left-small:1.92%;\"><div class=\"fusion-column-wrapper fusion-column-has-shadow fusion-flex-justify-content-flex-start fusion-content-layout-column\"><div class=\"fusion-text fusion-text-3 introtextblue\" style=\"--awb-text-transform:none;\"><p>F\u00fcr die Leitung unserer Kunden- und Entwicklungsprojekte suchen wir zum n\u00e4chstm\u00f6glichen Zeitpunkt:<\/p>\n<\/div><div class=\"fusion-text fusion-text-4\" style=\"--awb-font-size:30px;--awb-text-transform:none;--awb-text-font-family:&quot;Simplon Norm Regular&quot;;--awb-text-font-style:normal;--awb-text-font-weight:400;\"><h1>Projektmanager f\u00fcr Kunden- und Entwicklungsprojekte (m\/w\/d)<\/h1>\n<\/div><div ><a class=\"fusion-button button-flat fusion-button-default-size button-default fusion-button-default button-2 fusion-button-default-span fusion-button-default-type\" target=\"_blank\" rel=\"noopener noreferrer\" href=\"\/wp-content\/uploads\/2026\/04\/stellenanzeige-projektmanager-fuer-kunden-und-entwicklungsprojekte.pdf\"><span class=\"fusion-button-text awb-button__text awb-button__text--default\">Anzeige Herunterladen<\/span><\/a><\/div><\/div><\/div><\/div><\/div><div class=\"fusion-fullwidth fullwidth-box fusion-builder-row-3 fusion-flex-container nonhundred-percent-fullwidth non-hundred-percent-height-scrolling\" style=\"--awb-border-radius-top-left:0px;--awb-border-radius-top-right:0px;--awb-border-radius-bottom-right:0px;--awb-border-radius-bottom-left:0px;--awb-padding-top:60px;--awb-padding-bottom:60px;--awb-flex-wrap:wrap;\" ><div class=\"fusion-builder-row fusion-row fusion-flex-align-items-flex-start fusion-flex-content-wrap\" style=\"max-width:1357.2px;margin-left: calc(-4% \/ 2 );margin-right: calc(-4% \/ 2 );\"><div class=\"fusion-layout-column fusion_builder_column fusion-builder-column-2 fusion_builder_column_1_1 1_1 fusion-flex-column\" style=\"--awb-bg-size:cover;--awb-width-large:100%;--awb-margin-top-large:0px;--awb-spacing-right-large:1.92%;--awb-margin-bottom-large:20px;--awb-spacing-left-large:1.92%;--awb-width-medium:100%;--awb-order-medium:0;--awb-spacing-right-medium:1.92%;--awb-spacing-left-medium:1.92%;--awb-width-small:100%;--awb-order-small:0;--awb-spacing-right-small:1.92%;--awb-spacing-left-small:1.92%;\"><div class=\"fusion-column-wrapper fusion-column-has-shadow fusion-flex-justify-content-flex-start fusion-content-layout-column\"><div class=\"fusion-text fusion-text-5\" style=\"--awb-font-size:30px;--awb-text-font-family:&quot;Simplon Norm Regular&quot;;--awb-text-font-style:normal;--awb-text-font-weight:400;\"><h2>HTI Automation<\/h2>\n<\/div><div class=\"fusion-text fusion-text-6\"><p>Seit <strong>mehr als 20 Jahren<\/strong> entwickeln wir bei HTI f\u00fcr und mit unseren Kunden <strong>ma\u00dfgeschneiderte L\u00f6sungen f\u00fcr die Labor- und Produktionsautomatisierung<\/strong>. Unsere Engineering-Dienstleistungen und Produkte tragen ma\u00dfgeblich zum Erfolg unserer Kunden bei. Mit der X-TubeProcessor\u00ae-Serie kombinieren wir etablierte Technologien und Prozesse wie Liquid Handling, Verschrauben oder Etikettieren flexibel in einem Ger\u00e4t. Durch hohe Qualit\u00e4tsstandards, innovative L\u00f6sungskompetenzen und unsere langj\u00e4hrige Expertise sind wir heute Partner f\u00fcr Healthcare und Diagnostik Unternehmen auf der ganzen Welt.<\/p>\n<p>Gestalten Sie mit uns die Zukunft der Laborautomation \u2013 von der ersten Idee bis zur erfolgreichen Umsetzung beim Kunden.<\/p>\n<\/div><\/div><\/div><div class=\"fusion-layout-column fusion_builder_column fusion-builder-column-3 fusion_builder_column_1_1 1_1 fusion-flex-column\" style=\"--awb-bg-size:cover;--awb-width-large:100%;--awb-margin-top-large:0px;--awb-spacing-right-large:1.92%;--awb-margin-bottom-large:20px;--awb-spacing-left-large:1.92%;--awb-width-medium:100%;--awb-order-medium:0;--awb-spacing-right-medium:1.92%;--awb-spacing-left-medium:1.92%;--awb-width-small:100%;--awb-order-small:0;--awb-spacing-right-small:1.92%;--awb-spacing-left-small:1.92%;\"><div class=\"fusion-column-wrapper fusion-column-has-shadow fusion-flex-justify-content-flex-start fusion-content-layout-column\"><div class=\"fusion-text fusion-text-7\" style=\"--awb-font-size:30px;--awb-text-font-family:&quot;Simplon Norm Regular&quot;;--awb-text-font-style:normal;--awb-text-font-weight:400;\"><h2>Ihre Aufgaben:<\/h2>\n<\/div><div class=\"fusion-text fusion-text-8\"><ul>\n<li>Verantwortung f\u00fcr spannende und technologisch anspruchsvolle Kunden- und Entwicklungsprojekte<\/li>\n<li>Zentraler Ansprechpartner f\u00fcr unsere Kunden \u2013 von der ersten Anforderung bis zur erfolgreichen Umsetzung<\/li>\n<li>Aktive Gestaltung und Abstimmung von Kundenanforderungen sowie Entwicklung passender L\u00f6sungen<\/li>\n<li>Sicherstellung von Terminen, Budgets und Qualit\u00e4tszielen<\/li>\n<li>Verbindung von internen Teams und internationalen Kunden zu einer gemeinsamen Projektbasis<\/li>\n<li>Koordination und Zusammenf\u00fchrung interdisziplin\u00e4rer Teams aus Entwicklung, Software, Konstruktion, Produktion und Service<\/li>\n<li>Schnittstelle zwischen Kunde, Technik und internen Bereichen<\/li>\n<li>Durchf\u00fchrung von Projektmeetings, Pr\u00e4sentationen und Reviews<\/li>\n<li>Fr\u00fcherkennung von Risiken und proaktives Einleiten von Ma\u00dfnahmen<\/li>\n<li>Aktives Mitgestalten unserer Projektprozesse und L\u00f6sungen<\/li>\n<\/ul>\n<\/div><\/div><\/div><div class=\"fusion-layout-column fusion_builder_column fusion-builder-column-4 fusion_builder_column_1_1 1_1 fusion-flex-column\" style=\"--awb-bg-size:cover;--awb-width-large:100%;--awb-margin-top-large:0px;--awb-spacing-right-large:1.92%;--awb-margin-bottom-large:20px;--awb-spacing-left-large:1.92%;--awb-width-medium:100%;--awb-order-medium:0;--awb-spacing-right-medium:1.92%;--awb-spacing-left-medium:1.92%;--awb-width-small:100%;--awb-order-small:0;--awb-spacing-right-small:1.92%;--awb-spacing-left-small:1.92%;\"><div class=\"fusion-column-wrapper fusion-column-has-shadow fusion-flex-justify-content-flex-start fusion-content-layout-column\"><div class=\"fusion-text fusion-text-9\" style=\"--awb-font-size:30px;--awb-text-font-family:&quot;Simplon Norm Regular&quot;;--awb-text-font-style:normal;--awb-text-font-weight:400;\"><h2>Ihr Profil:<\/h2>\n<\/div><div class=\"fusion-text fusion-text-10\"><ul>\n<li>Abgeschlossenes Studium im Bereich Ingenieurwesen, Wirtschaftsingenieurwesen, Informatik oder vergleichbar<\/li>\n<li>Erfahrung im Projektmanagement, idealerweise im technischen Umfeld<\/li>\n<li>Begeisterung f\u00fcr komplexe technische Systeme und innovative L\u00f6sungen<\/li>\n<li>F\u00e4higkeit, Kundenanforderungen in tragf\u00e4hige technische Konzepte zu \u00fcbersetzen<\/li>\n<li>Strukturierte und eigenverantwortliche Arbeitsweise<\/li>\n<li>Kommunikationsst\u00e4rke und sicheres Auftreten<\/li>\n<li>F\u00e4higkeit, Menschen, Teams und unterschiedliche Perspektiven zusammenzubringen<\/li>\n<li>Teamgeist, Eigeninitiative und Durchsetzungsverm\u00f6gen<\/li>\n<li>Gute Deutsch- und Englischkenntnisse in Wort und Schrift<\/li>\n<\/ul>\n<\/div><\/div><\/div><div class=\"fusion-layout-column fusion_builder_column fusion-builder-column-5 fusion_builder_column_1_1 1_1 fusion-flex-column\" style=\"--awb-bg-size:cover;--awb-width-large:100%;--awb-margin-top-large:0px;--awb-spacing-right-large:1.92%;--awb-margin-bottom-large:20px;--awb-spacing-left-large:1.92%;--awb-width-medium:100%;--awb-order-medium:0;--awb-spacing-right-medium:1.92%;--awb-spacing-left-medium:1.92%;--awb-width-small:100%;--awb-order-small:0;--awb-spacing-right-small:1.92%;--awb-spacing-left-small:1.92%;\"><div class=\"fusion-column-wrapper fusion-column-has-shadow fusion-flex-justify-content-flex-start fusion-content-layout-column\"><div class=\"fusion-text fusion-text-11\" style=\"--awb-font-size:30px;--awb-text-font-family:&quot;Simplon Norm Regular&quot;;--awb-text-font-style:normal;--awb-text-font-weight:400;\"><h2>Was wir Ihnen daf\u00fcr bieten:<\/h2>\n<\/div><div class=\"fusion-text fusion-text-12\"><h3>Ihre Perspektive bei HTI:<\/h3>\n<ul>\n<li>Spannende Projekte an der Schnittstelle von Technologie, Innovation und Healthcare<\/li>\n<li>Zusammenarbeit mit internationalen Kunden und interdisziplin\u00e4ren Teams<\/li>\n<li>Die M\u00f6glichkeit, aktiv Verantwortung zu \u00fcbernehmen und Dinge zu bewegen<\/li>\n<li>Kurze Entscheidungswege und viel Gestaltungsspielraum<\/li>\n<li>Eine verantwortungsvolle und abwechslungsreiche T\u00e4tigkeit in einem kollegialen Team<\/li>\n<\/ul>\n<h3>Rahmenbedingungen:<\/h3>\n<ul>\n<li>Unbefristete Festanstellung mit leistungsgerechter Verg\u00fctung<\/li>\n<li>Ein motivierendes Arbeitsumfeld in einem famili\u00e4ren, solide wachsenden Unternehmen<\/li>\n<li>Individuelle Weiterbildungs- und Entwicklungsm\u00f6glichkeiten<\/li>\n<\/ul>\n<h3>Verpflegung &amp; Extras:<\/h3>\n<ul>\n<li>Kostenfreie Getr\u00e4nke, Tee und Kaffee<\/li>\n<li>Kostenfreies Mittagessen in der Zentrale in Ebersberg<\/li>\n<\/ul>\n<h3>Ausstattung &amp; Benefits:<\/h3>\n<ul>\n<li>Moderne Arbeitsmittel<\/li>\n<li>JobRad-Angebot<\/li>\n<li>EGYM Wellpass<\/li>\n<\/ul>\n<p>F\u00fcr weitere Ausk\u00fcnfte stehen wir Ihnen gerne zur Verf\u00fcgung.<\/p>\n<\/div><\/div><\/div><div class=\"fusion-layout-column fusion_builder_column fusion-builder-column-6 fusion_builder_column_1_1 1_1 fusion-flex-column\" style=\"--awb-bg-size:cover;--awb-width-large:100%;--awb-margin-top-large:0px;--awb-spacing-right-large:1.92%;--awb-margin-bottom-large:20px;--awb-spacing-left-large:1.92%;--awb-width-medium:100%;--awb-order-medium:0;--awb-spacing-right-medium:1.92%;--awb-spacing-left-medium:1.92%;--awb-width-small:100%;--awb-order-small:0;--awb-spacing-right-small:1.92%;--awb-spacing-left-small:1.92%;\"><div class=\"fusion-column-wrapper fusion-column-has-shadow fusion-flex-justify-content-flex-start fusion-content-layout-column\"><div class=\"fusion-text fusion-text-13\" style=\"--awb-font-size:30px;--awb-text-font-family:&quot;Simplon Norm Regular&quot;;--awb-text-font-style:normal;--awb-text-font-weight:400;\"><h2>Ansprechpartner:<\/h2>\n<\/div><div class=\"fusion-text fusion-text-14\"><p>Dr. Wolfgang Heimberg<br \/>Tel.: <a href=\"tel:+498092209222\">08092 \u2013 2092 \u2013 22<\/a><\/p>\n<p>HTI Automation GmbH,<br \/>85560 Ebersberg<\/p>\n<\/div><\/div><\/div><\/div><\/div><div class=\"fusion-fullwidth fullwidth-box fusion-builder-row-4 fusion-flex-container nonhundred-percent-fullwidth non-hundred-percent-height-scrolling\" style=\"--awb-border-radius-top-left:0px;--awb-border-radius-top-right:0px;--awb-border-radius-bottom-right:0px;--awb-border-radius-bottom-left:0px;--awb-padding-top:34px;--awb-padding-bottom:60px;--awb-flex-wrap:wrap;\" ><div class=\"fusion-builder-row fusion-row fusion-flex-align-items-flex-start fusion-flex-content-wrap\" style=\"max-width:1357.2px;margin-left: calc(-4% \/ 2 );margin-right: calc(-4% \/ 2 );\"><div class=\"fusion-layout-column fusion_builder_column fusion-builder-column-7 fusion_builder_column_1_1 1_1 fusion-flex-column\" style=\"--awb-bg-size:cover;--awb-width-large:100%;--awb-margin-top-large:0px;--awb-spacing-right-large:1.92%;--awb-margin-bottom-large:20px;--awb-spacing-left-large:1.92%;--awb-width-medium:100%;--awb-order-medium:0;--awb-spacing-right-medium:1.92%;--awb-spacing-left-medium:1.92%;--awb-width-small:100%;--awb-order-small:0;--awb-spacing-right-small:1.92%;--awb-spacing-left-small:1.92%;\"><div class=\"fusion-column-wrapper fusion-column-has-shadow fusion-flex-justify-content-flex-start fusion-content-layout-column\"><div class=\"fusion-text fusion-text-15 blue\" style=\"--awb-font-size:34px;--awb-text-transform:none;\"><h2 style=\"text-align: center;\">Wir freuen uns auf Ihre Bewerbung!<\/h2>\n<\/div><div class=\"fusion-text fusion-text-16\"><p style=\"text-align: center;\">Schreiben Sie uns einfach eine kurze E-Mail oder rufen Sie uns an. Wir melden uns anschlie\u00dfend umgehend bei Ihnen .<\/p>\n<\/div><\/div><\/div><div class=\"fusion-layout-column fusion_builder_column fusion-builder-column-8 fusion_builder_column_1_2 1_2 fusion-flex-column\" style=\"--awb-bg-size:cover;--awb-width-large:50%;--awb-margin-top-large:0px;--awb-spacing-right-large:3.84%;--awb-margin-bottom-large:20px;--awb-spacing-left-large:3.84%;--awb-width-medium:100%;--awb-order-medium:0;--awb-spacing-right-medium:1.92%;--awb-spacing-left-medium:1.92%;--awb-width-small:100%;--awb-order-small:0;--awb-spacing-right-small:1.92%;--awb-spacing-left-small:1.92%;\"><div class=\"fusion-column-wrapper fusion-column-has-shadow fusion-flex-justify-content-flex-start fusion-content-layout-column\"><i class=\"fb-icon-element-1 fb-icon-element fontawesome-icon fa-at fas circle-yes\" style=\"--awb-iconcolor:#787878;--awb-iconcolor-hover:#b52473;--awb-circlecolor:#ffffff;--awb-circlecolor-hover:#ffffff;--awb-circlebordercolor:#787878;--awb-circlebordercolor-hover:#787878;--awb-circlebordersize:2px;--awb-font-size:28.16px;--awb-width:56.32px;--awb-height:56.32px;--awb-line-height:52.32px;--awb-align-self:center;--awb-margin-top:0px;--awb-margin-right:0px;--awb-margin-bottom:20px;--awb-margin-left:0px;\"><\/i><div class=\"fusion-text fusion-text-17 blue\" style=\"--awb-text-transform:none;\"><p style=\"text-align: center;\">Mail<br \/>\n<a href=\"mailto:karriere@hti-automation.com\">karriere@hti-automation.com<\/a><\/p>\n<\/div><\/div><\/div><div class=\"fusion-layout-column fusion_builder_column fusion-builder-column-9 fusion_builder_column_1_2 1_2 fusion-flex-column\" style=\"--awb-bg-size:cover;--awb-width-large:50%;--awb-margin-top-large:0px;--awb-spacing-right-large:3.84%;--awb-margin-bottom-large:20px;--awb-spacing-left-large:3.84%;--awb-width-medium:100%;--awb-order-medium:0;--awb-spacing-right-medium:1.92%;--awb-spacing-left-medium:1.92%;--awb-width-small:100%;--awb-order-small:0;--awb-spacing-right-small:1.92%;--awb-spacing-left-small:1.92%;\"><div class=\"fusion-column-wrapper fusion-column-has-shadow fusion-flex-justify-content-flex-start fusion-content-layout-column\"><i class=\"fb-icon-element-2 fb-icon-element fontawesome-icon fa-phone-alt fas circle-yes\" style=\"--awb-iconcolor:#787878;--awb-iconcolor-hover:#b52473;--awb-circlecolor:#ffffff;--awb-circlecolor-hover:#ffffff;--awb-circlebordercolor:#787878;--awb-circlebordercolor-hover:#787878;--awb-circlebordersize:2px;--awb-font-size:28.16px;--awb-width:56.32px;--awb-height:56.32px;--awb-line-height:52.32px;--awb-align-self:center;--awb-margin-top:0px;--awb-margin-right:0px;--awb-margin-bottom:20px;--awb-margin-left:0px;\"><\/i><div class=\"fusion-text fusion-text-18 blue\"><p style=\"text-align: center;\">Phone<br \/>\n+49 (0)8092 2092-0<\/p>\n<\/div><\/div><\/div><div class=\"fusion-layout-column fusion_builder_column fusion-builder-column-10 fusion_builder_column_1_1 1_1 fusion-flex-column\" style=\"--awb-bg-size:cover;--awb-width-large:100%;--awb-margin-top-large:0px;--awb-spacing-right-large:1.92%;--awb-margin-bottom-large:20px;--awb-spacing-left-large:1.92%;--awb-width-medium:100%;--awb-order-medium:0;--awb-spacing-right-medium:1.92%;--awb-spacing-left-medium:1.92%;--awb-width-small:100%;--awb-order-small:0;--awb-spacing-right-small:1.92%;--awb-spacing-left-small:1.92%;\"><div class=\"fusion-column-wrapper fusion-column-has-shadow fusion-flex-justify-content-flex-start fusion-content-layout-column\"><\/div><\/div><\/div><\/div><div class=\"fusion-fullwidth fullwidth-box fusion-builder-row-5 fusion-flex-container hundred-percent-fullwidth non-hundred-percent-height-scrolling\" style=\"--awb-border-radius-top-left:0px;--awb-border-radius-top-right:0px;--awb-border-radius-bottom-right:0px;--awb-border-radius-bottom-left:0px;--awb-padding-top:0px;--awb-padding-bottom:0px;--awb-flex-wrap:wrap;\" ><div class=\"fusion-builder-row fusion-row fusion-flex-align-items-flex-start fusion-flex-content-wrap\" style=\"width:104% !important;max-width:104% !important;margin-left: calc(-4% \/ 2 );margin-right: calc(-4% \/ 2 );\"><div class=\"fusion-layout-column fusion_builder_column fusion-builder-column-11 fusion_builder_column_1_1 1_1 fusion-flex-column\" style=\"--awb-bg-size:cover;--awb-width-large:100%;--awb-margin-top-large:0px;--awb-spacing-right-large:1.92%;--awb-margin-bottom-large:20px;--awb-spacing-left-large:1.92%;--awb-width-medium:100%;--awb-order-medium:0;--awb-spacing-right-medium:1.92%;--awb-spacing-left-medium:1.92%;--awb-width-small:100%;--awb-order-small:0;--awb-spacing-right-small:1.92%;--awb-spacing-left-small:1.92%;\"><div class=\"fusion-column-wrapper fusion-column-has-shadow fusion-flex-justify-content-flex-start fusion-content-layout-column\"> <div class=\"brlbs-cmpnt-container brlbs-cmpnt-content-blocker brlbs-cmpnt-with-individual-styles\" data-borlabs-cookie-content-blocker-id=\"google-maps\" data-borlabs-cookie-content=\"PGlmcmFtZSBsb2FkaW5nPSJsYXp5IiBzcmM9Imh0dHBzOi8vd3d3Lmdvb2dsZS5jb20vbWFwcy9lbWJlZD9wYj0hMW0xOCExbTEyITFtMyExZDI2NjQuNzY4MjQyMzkzMDgxNCEyZDExLjk1OTk3MTAxNTgzMzU3NyEzZDQ4LjA5NTQxNDE2MjA3NTM2ITJtMyExZjAhMmYwITNmMCEzbTIhMWkxMDI0ITJpNzY4ITRmMTMuMSEzbTMhMW0yITFzMHg0NzllMDBhOWU5YTMwNzk3JTNBMHg2M2Y0MTdhMDViZDMwZjRhITJzSFRJJTIwQXV0b21hdGlvbiE1ZTAhM20yITFzZGUhMnNkZSE0djE2MDgyNTM3NzAwMzEhNW0yITFzZGUhMnNkZSIgd2lkdGg9IjIwMDAiIGhlaWdodD0iNjAwIiBmcmFtZWJvcmRlcj0iMCIgc3R5bGU9ImJvcmRlcjowOyIgYWxsb3dmdWxsc2NyZWVuPSIiIGFyaWEtaGlkZGVuPSJmYWxzZSIgdGFiaW5kZXg9IjAiPjwvaWZyYW1lPg==\"><div class=\"brlbs-cmpnt-cb-preset-b brlbs-cmpnt-cb-google-maps\"> <div class=\"brlbs-cmpnt-cb-thumbnail\" style=\"background-image: url('https:\/\/hti-automation.com\/wp-content\/uploads\/borlabs-cookie\/1\/brlbs-cb-google-maps-main.png')\"><\/div> <div class=\"brlbs-cmpnt-cb-main\"> <div class=\"brlbs-cmpnt-cb-content\"> <p class=\"brlbs-cmpnt-cb-description\">Sie sehen gerade einen Platzhalterinhalt von <strong>Google Maps<\/strong>. Um auf den eigentlichen Inhalt zuzugreifen, klicken Sie auf die Schaltfl\u00e4che unten. Bitte beachten Sie, dass dabei Daten an Drittanbieter weitergegeben werden.<\/p> <a class=\"brlbs-cmpnt-cb-provider-toggle\" href=\"#\" data-borlabs-cookie-show-provider-information role=\"button\">Mehr Informationen<\/a> <\/div> <div class=\"brlbs-cmpnt-cb-buttons\"> <a class=\"brlbs-cmpnt-cb-btn\" href=\"#\" data-borlabs-cookie-unblock role=\"button\">Inhalt entsperren<\/a> <a class=\"brlbs-cmpnt-cb-btn\" href=\"#\" data-borlabs-cookie-accept-service role=\"button\" style=\"display: inherit\">Erforderlichen Service akzeptieren und Inhalte entsperren<\/a> <\/div> <\/div> <\/div><\/div><\/div><\/div><\/div><\/div><\/p>\n","protected":false},"excerpt":{"rendered":"","protected":false},"author":16,"featured_media":0,"parent":0,"menu_order":110,"comment_status":"closed","ping_status":"closed","template":"100-width.php","meta":{"footnotes":""},"class_list":["post-14076","page","type-page","status-publish","hentry"],"_links":{"self":[{"href":"https:\/\/hti-automation.com\/de\/wp-json\/wp\/v2\/pages\/14076","targetHints":{"allow":["GET"]}}],"collection":[{"href":"https:\/\/hti-automation.com\/de\/wp-json\/wp\/v2\/pages"}],"about":[{"href":"https:\/\/hti-automation.com\/de\/wp-json\/wp\/v2\/types\/page"}],"author":[{"embeddable":true,"href":"https:\/\/hti-automation.com\/de\/wp-json\/wp\/v2\/users\/16"}],"replies":[{"embeddable":true,"href":"https:\/\/hti-automation.com\/de\/wp-json\/wp\/v2\/comments?post=14076"}],"version-history":[{"count":10,"href":"https:\/\/hti-automation.com\/de\/wp-json\/wp\/v2\/pages\/14076\/revisions"}],"predecessor-version":[{"id":14100,"href":"https:\/\/hti-automation.com\/de\/wp-json\/wp\/v2\/pages\/14076\/revisions\/14100"}],"wp:attachment":[{"href":"https:\/\/hti-automation.com\/de\/wp-json\/wp\/v2\/media?parent=14076"}],"curies":[{"name":"wp","href":"https:\/\/api.w.org\/{rel}","templated":true}]}}