{"id":3864,"date":"2020-06-15T07:00:13","date_gmt":"2020-06-15T05:00:13","guid":{"rendered":"http:\/\/sg.g2smedia.net\/?page_id=3864"},"modified":"2025-11-03T13:02:55","modified_gmt":"2025-11-03T12:02:55","slug":"impressum","status":"publish","type":"page","link":"https:\/\/hti-automation.com\/de\/impressum\/","title":{"rendered":"Impressum"},"content":{"rendered":"<div class=\"fusion-fullwidth fullwidth-box fusion-builder-row-1 fusion-flex-container nonhundred-percent-fullwidth non-hundred-percent-height-scrolling\" style=\"--awb-border-radius-top-left:0px;--awb-border-radius-top-right:0px;--awb-border-radius-bottom-right:0px;--awb-border-radius-bottom-left:0px;--awb-padding-top:60px;--awb-padding-bottom:60px;--awb-flex-wrap:wrap;\" ><div class=\"fusion-builder-row fusion-row fusion-flex-align-items-flex-start fusion-flex-content-wrap\" style=\"max-width:1357.2px;margin-left: calc(-4% \/ 2 );margin-right: calc(-4% \/ 2 );\"><div class=\"fusion-layout-column fusion_builder_column fusion-builder-column-0 fusion_builder_column_1_1 1_1 fusion-flex-column\" style=\"--awb-bg-size:cover;--awb-width-large:100%;--awb-margin-top-large:0px;--awb-spacing-right-large:1.92%;--awb-margin-bottom-large:20px;--awb-spacing-left-large:1.92%;--awb-width-medium:100%;--awb-order-medium:0;--awb-spacing-right-medium:1.92%;--awb-spacing-left-medium:1.92%;--awb-width-small:100%;--awb-order-small:0;--awb-spacing-right-small:1.92%;--awb-spacing-left-small:1.92%;\"><div class=\"fusion-column-wrapper fusion-column-has-shadow fusion-flex-justify-content-flex-start fusion-content-layout-column\"><div class=\"fusion-text fusion-text-1\"><h1 class=\"fusion-responsive-typography-calculated\" style=\"--fontsize: 56; line-height: 1.2;\" data-fontsize=\"56\" data-lineheight=\"67.2px\">Impressum<\/h1>\n<p>https:\/\/hti-automation.com ist die offizielle Website der HTI Automation GmbH<\/p>\n<p>HTI Automation GmbH<br \/>Am Forst 6<br \/>85560 Ebersberg<\/p>\n<p>Handelsregister: HRB 143 635<br \/>Registergericht: Amtsgericht M\u00fcnchen<\/p>\n<p><strong>Vertreten durch:<\/strong><br \/>Dr. Wolfgang Heimberg, Thomas Kr\u00fcger<\/p>\n<h2>Kontakt<\/h2>\n<p>Telefon: +49 (0)8092 2092-0<br \/>Telefax: +49 (0)8092 2092-28<br \/>E-Mail: info@hti-automation.com<\/p>\n<h2>Redaktionell verantwortlich<\/h2>\n<p>Dr. Wolfgang Heimberg, Thomas Kr\u00fcger<br \/>HTI Automation GmbH<br \/>Am Forst 6<br \/>85560 Ebersberg<\/p>\n<h2>EU-Streitschlichtung<\/h2>\n<p>Die Europ\u00e4ische Kommission stellt eine Plattform zur Online-Streitbeilegung (OS) bereit: <a href=\"https:\/\/ec.europa.eu\/consumers\/odr\/\" target=\"_blank\" rel=\"noopener noreferrer\">https:\/\/ec.europa.eu\/consumers\/odr\/<\/a>.<br \/>Unsere E-Mail-Adresse finden Sie oben im Impressum.<\/p>\n<h2>Verbraucher\u00adstreit\u00adbeilegung\/Universal\u00adschlichtungs\u00adstelle<\/h2>\n<p>Wir sind nicht bereit oder verpflichtet, an Streitbeilegungsverfahren vor einer Verbraucherschlichtungsstelle teilzunehmen.<\/p>\n<h2>Zentrale Kontaktstelle nach dem Digital Services Act &#8211; DSA (Verordnung (EU) 2022\/265)<\/h2>\n<p>Unsere zentrale Kontaktstelle f\u00fcr Nutzer und Beh\u00f6rden nach Art. 11, 12 DSA erreichen Sie wie folgt:<\/p>\n<p>E-Mail: info@hti-automation.com<br \/>Telefon: +49 (0)8092 2092-0<\/p>\n<p>Die f\u00fcr den Kontakt zur Verf\u00fcgung stehenden Sprachen sind: Deutsch, Englisch.<\/p>\n<h2>Einsatz von KI-generierten Inhalten<\/h2>\n<p>Zur Erstellung und Optimierung von Texten, Grafiken und sonstigen Inhalten auf dieser Website k\u00f6nnen Verfahren der <strong>K\u00fcnstlichen Intelligenz (KI)<\/strong> eingesetzt werden, beispielsweise Sprach- oder Bildmodelle wie ChatGPT oder DALL\u00b7E von OpenAI.<\/p>\n<p>Als Diensteanbieter sind wir gem\u00e4\u00df \u00a7 7 Abs. 1 DDG f\u00fcr eigene Inhalte auf diesen Seiten nach den allgemeinen Gesetzen verantwortlich \u2013 auch wenn diese unter Nutzung von KI-Systemen erstellt oder \u00fcberarbeitet wurden. S\u00e4mtliche Inhalte werden vor der Ver\u00f6ffentlichung redaktionell gepr\u00fcft. Dennoch kann nicht ausgeschlossen werden, dass durch den Einsatz automatisierter Systeme inhaltliche Ungenauigkeiten oder Abweichungen auftreten.<\/p>\n<p>Soweit im Rahmen der Nutzung solcher Systeme personenbezogene Daten verarbeitet werden, erfolgt dies ausschlie\u00dflich auf Grundlage der geltenden Datenschutzgesetze, insbesondere gem\u00e4\u00df Art. 6 Abs. 1 lit. f DSGVO (berechtigtes Interesse an der Optimierung redaktioneller Prozesse und Arbeitsabl\u00e4ufe).<\/p>\n<hr>\n<p>https:\/\/hti-automation.com ist die offizielle Website der HTI engineering GmbH<\/p>\n<p>HTI engineering GmbH<br \/>Am Forst 6<br \/>85560 Ebersberg<\/p>\n<p>Handelsregister: HRB 126 939<br \/>Registergericht: Amtsgericht M\u00fcnchen<\/p>\n<p><strong>Vertreten durch:<\/strong><br \/>Dr. Wolfgang Heimberg<\/p>\n<h2>Kontakt<\/h2>\n<p>Telefon: +49 (0)8092 2092-0<br \/>Telefax: +49 (0)8092 2092-28<br \/>E-Maill: info@hti-engineering.com<\/p>\n<h2>Redaktionell verantwortlich<\/h2>\n<p>Dr. Wolfgang Heimberg<br \/>HTI engineering GmbH<br \/>Am Forst 6<br \/>85560 Ebersberg<\/p>\n<h2>EU-Streitschlichtung<\/h2>\n<p>Die Europ\u00e4ische Kommission stellt eine Plattform zur Online-Streitbeilegung (OS) bereit: <a href=\"https:\/\/ec.europa.eu\/consumers\/odr\/\" target=\"_blank\" rel=\"noopener noreferrer\">https:\/\/ec.europa.eu\/consumers\/odr\/<\/a>.<br \/>Unsere E-Mail-Adresse finden Sie oben im Impressum.<\/p>\n<h2>Verbraucher\u00adstreit\u00adbeilegung\/Universal\u00adschlichtungs\u00adstelle<\/h2>\n<p>Wir sind nicht bereit oder verpflichtet, an Streitbeilegungsverfahren vor einer Verbraucherschlichtungsstelle teilzunehmen.<\/p>\n<h2>Zentrale Kontaktstelle nach dem Digital Services Act &#8211; DSA (Verordnung (EU) 2022\/265)<\/h2>\n<p>Unsere zentrale Kontaktstelle f\u00fcr Nutzer und Beh\u00f6rden nach Art. 11, 12 DSA erreichen Sie wie folgt:<\/p>\n<p>E-Mail: info@hti-engineering.com<br \/>Telefon: +49 (0)8092 2092-0<\/p>\n<p>Die f\u00fcr den Kontakt zur Verf\u00fcgung stehenden Sprachen sind: Deutsch, Englisch.<\/p>\n<h2>Einsatz von KI-generierten Inhalten<\/h2>\n<p>Zur Erstellung und Optimierung von Texten, Grafiken und sonstigen Inhalten auf dieser Website k\u00f6nnen Verfahren der <strong>K\u00fcnstlichen Intelligenz (KI)<\/strong> eingesetzt werden, beispielsweise Sprach- oder Bildmodelle wie ChatGPT oder DALL\u00b7E von OpenAI.<\/p>\n<p>Als Diensteanbieter sind wir gem\u00e4\u00df \u00a7 7 Abs. 1 DDG f\u00fcr eigene Inhalte auf diesen Seiten nach den allgemeinen Gesetzen verantwortlich \u2013 auch wenn diese unter Nutzung von KI-Systemen erstellt oder \u00fcberarbeitet wurden. S\u00e4mtliche Inhalte werden vor der Ver\u00f6ffentlichung redaktionell gepr\u00fcft. Dennoch kann nicht ausgeschlossen werden, dass durch den Einsatz automatisierter Systeme inhaltliche Ungenauigkeiten oder Abweichungen auftreten.<\/p>\n<p>Soweit im Rahmen der Nutzung solcher Systeme personenbezogene Daten verarbeitet werden, erfolgt dies ausschlie\u00dflich auf Grundlage der geltenden Datenschutzgesetze, insbesondere gem\u00e4\u00df Art. 6 Abs. 1 lit. f DSGVO (berechtigtes Interesse an der Optimierung redaktioneller Prozesse und Arbeitsabl\u00e4ufe).<\/p>\n<\/div><\/div><\/div><\/div><\/div>\n","protected":false},"excerpt":{"rendered":"","protected":false},"author":1,"featured_media":0,"parent":0,"menu_order":998,"comment_status":"closed","ping_status":"closed","template":"100-width.php","meta":{"footnotes":""},"class_list":["post-3864","page","type-page","status-publish","hentry"],"_links":{"self":[{"href":"https:\/\/hti-automation.com\/de\/wp-json\/wp\/v2\/pages\/3864","targetHints":{"allow":["GET"]}}],"collection":[{"href":"https:\/\/hti-automation.com\/de\/wp-json\/wp\/v2\/pages"}],"about":[{"href":"https:\/\/hti-automation.com\/de\/wp-json\/wp\/v2\/types\/page"}],"author":[{"embeddable":true,"href":"https:\/\/hti-automation.com\/de\/wp-json\/wp\/v2\/users\/1"}],"replies":[{"embeddable":true,"href":"https:\/\/hti-automation.com\/de\/wp-json\/wp\/v2\/comments?post=3864"}],"version-history":[{"count":10,"href":"https:\/\/hti-automation.com\/de\/wp-json\/wp\/v2\/pages\/3864\/revisions"}],"predecessor-version":[{"id":12075,"href":"https:\/\/hti-automation.com\/de\/wp-json\/wp\/v2\/pages\/3864\/revisions\/12075"}],"wp:attachment":[{"href":"https:\/\/hti-automation.com\/de\/wp-json\/wp\/v2\/media?parent=3864"}],"curies":[{"name":"wp","href":"https:\/\/api.w.org\/{rel}","templated":true}]}}