{"id":4764,"date":"2020-12-18T02:56:14","date_gmt":"2020-12-18T01:56:14","guid":{"rendered":"http:\/\/127.0.0.1\/hti\/?page_id=4764"},"modified":"2025-07-24T14:24:51","modified_gmt":"2025-07-24T12:24:51","slug":"iso","status":"publish","type":"page","link":"https:\/\/hti-automation.com\/de\/iso\/","title":{"rendered":"ISO"},"content":{"rendered":"<p><div class=\"fusion-fullwidth fullwidth-box fusion-builder-row-1 fusion-flex-container fusion-parallax-none nonhundred-percent-fullwidth non-hundred-percent-height-scrolling\" style=\"--awb-border-radius-top-left:0px;--awb-border-radius-top-right:0px;--awb-border-radius-bottom-right:0px;--awb-border-radius-bottom-left:0px;--awb-padding-top:60px;--awb-padding-bottom:60px;--awb-min-height:415px;--awb-background-image:url(&quot;https:\/\/hti-automation.com\/wp-content\/uploads\/2020\/12\/HTI_SERVICE_angepasst.png&quot;);--awb-background-size:cover;--awb-flex-wrap:wrap;\" ><div class=\"fusion-builder-row fusion-row fusion-flex-align-items-flex-start fusion-flex-align-content-center fusion-flex-justify-content-space-around fusion-flex-content-wrap\" style=\"max-width:1357.2px;margin-left: calc(-4% \/ 2 );margin-right: calc(-4% \/ 2 );\"><div class=\"fusion-layout-column fusion_builder_column fusion-builder-column-0 fusion_builder_column_1_2 1_2 fusion-flex-column fusion-no-small-visibility\" style=\"--awb-bg-size:cover;--awb-width-large:50%;--awb-margin-top-large:0px;--awb-spacing-right-large:3.84%;--awb-margin-bottom-large:20px;--awb-spacing-left-large:3.84%;--awb-width-medium:100%;--awb-order-medium:0;--awb-spacing-right-medium:1.92%;--awb-spacing-left-medium:1.92%;--awb-width-small:100%;--awb-order-small:0;--awb-spacing-right-small:1.92%;--awb-spacing-left-small:1.92%;\"><div class=\"fusion-column-wrapper fusion-column-has-shadow fusion-flex-justify-content-flex-start fusion-content-layout-column\"><div class=\"fusion-text fusion-text-1\" style=\"--awb-font-size:30px;--awb-text-color:var(--awb-color1);--awb-text-font-family:&quot;Simplon Norm Regular&quot;;--awb-text-font-style:normal;--awb-text-font-weight:400;\"><h1>ISO 9001:2015 \u2013 Qualit\u00e4tssicherung bei HTI Automation<\/h1>\n<\/div><div class=\"fusion-text fusion-text-2 introtextblue\" style=\"--awb-text-color:var(--awb-color1);\"><p><span style=\"color: #fffff;\">HTI Automation GmbH ist nach DIN EN ISO 9001:2015 zertifiziert und setzt damit auf ein umfassendes Qualit\u00e4tsmanagementsystem, das h\u00f6chste Standards in der Laborautomatisierung gew\u00e4hrleistet.\u00a0<\/span><\/p>\n<p><span style=\"color: #fffff;\">\u00a0<\/span><\/p>\n<\/div><\/div><\/div><div class=\"fusion-layout-column fusion_builder_column fusion-builder-column-1 fusion_builder_column_1_2 1_2 fusion-flex-column fusion-no-small-visibility\" style=\"--awb-bg-size:cover;--awb-width-large:50%;--awb-margin-top-large:0px;--awb-spacing-right-large:3.84%;--awb-margin-bottom-large:20px;--awb-spacing-left-large:3.84%;--awb-width-medium:100%;--awb-order-medium:0;--awb-spacing-right-medium:1.92%;--awb-spacing-left-medium:1.92%;--awb-width-small:100%;--awb-order-small:0;--awb-spacing-right-small:1.92%;--awb-spacing-left-small:1.92%;\"><div class=\"fusion-column-wrapper fusion-column-has-shadow fusion-flex-justify-content-flex-start fusion-content-layout-column\"><\/div><\/div><\/div><\/div><div class=\"fusion-fullwidth fullwidth-box fusion-builder-row-2 fusion-flex-container nonhundred-percent-fullwidth non-hundred-percent-height-scrolling fusion-no-medium-visibility fusion-no-large-visibility\" style=\"--awb-border-radius-top-left:0px;--awb-border-radius-top-right:0px;--awb-border-radius-bottom-right:0px;--awb-border-radius-bottom-left:0px;--awb-padding-top:30px;--awb-padding-bottom:0px;--awb-flex-wrap:wrap;\" ><div class=\"fusion-builder-row fusion-row fusion-flex-align-items-flex-start fusion-flex-content-wrap\" style=\"max-width:1357.2px;margin-left: calc(-4% \/ 2 );margin-right: calc(-4% \/ 2 );\"><div class=\"fusion-layout-column fusion_builder_column fusion-builder-column-2 fusion_builder_column_1_1 1_1 fusion-flex-column\" style=\"--awb-bg-size:cover;--awb-width-large:100%;--awb-margin-top-large:0px;--awb-spacing-right-large:1.92%;--awb-margin-bottom-large:20px;--awb-spacing-left-large:1.92%;--awb-width-medium:100%;--awb-order-medium:0;--awb-spacing-right-medium:1.92%;--awb-spacing-left-medium:1.92%;--awb-width-small:100%;--awb-order-small:0;--awb-spacing-right-small:1.92%;--awb-spacing-left-small:1.92%;\"><div class=\"fusion-column-wrapper fusion-column-has-shadow fusion-flex-justify-content-flex-start fusion-content-layout-column\"><div class=\"fusion-text fusion-text-3\" style=\"--awb-font-size:30px;--awb-text-font-family:&quot;Simplon Norm Regular&quot;;--awb-text-font-style:normal;--awb-text-font-weight:400;\"><h2>ISO 9001:2015 \u2013 Qualit\u00e4tssicherung bei HTI Automation<\/h2>\n<\/div><div class=\"fusion-text fusion-text-4 introtextblue\" style=\"--awb-text-color:var(--awb-color1);\"><p><span style=\"color: #fffff;\">HTI Automation GmbH ist nach DIN EN ISO 9001:2015 zertifiziert und setzt damit auf ein umfassendes Qualit\u00e4tsmanagementsystem, das h\u00f6chste Standards in der Laborautomatisierung gew\u00e4hrleistet.\u00a0<\/span><\/p>\n<p><span style=\"color: #fffff;\">\u00a0<\/span><\/p>\n<\/div><\/div><\/div><\/div><\/div><div class=\"fusion-fullwidth fullwidth-box fusion-builder-row-3 fusion-flex-container has-pattern-background has-mask-background nonhundred-percent-fullwidth non-hundred-percent-height-scrolling\" style=\"--awb-border-radius-top-left:0px;--awb-border-radius-top-right:0px;--awb-border-radius-bottom-right:0px;--awb-border-radius-bottom-left:0px;--awb-padding-top:60px;--awb-flex-wrap:wrap;\" ><div class=\"fusion-builder-row fusion-row fusion-flex-align-items-flex-start fusion-flex-content-wrap\" style=\"max-width:1357.2px;margin-left: calc(-4% \/ 2 );margin-right: calc(-4% \/ 2 );\"><div class=\"fusion-layout-column fusion_builder_column fusion-builder-column-3 fusion_builder_column_1_1 1_1 fusion-flex-column\" style=\"--awb-padding-top:60px;--awb-padding-bottom:60px;--awb-bg-size:cover;--awb-width-large:100%;--awb-margin-top-large:0px;--awb-spacing-right-large:1.92%;--awb-margin-bottom-large:20px;--awb-spacing-left-large:1.92%;--awb-width-medium:100%;--awb-order-medium:0;--awb-spacing-right-medium:1.92%;--awb-spacing-left-medium:1.92%;--awb-width-small:100%;--awb-order-small:0;--awb-spacing-right-small:1.92%;--awb-spacing-left-small:1.92%;\" data-scroll-devices=\"small-visibility,medium-visibility,large-visibility\"><div class=\"fusion-column-wrapper fusion-column-has-shadow fusion-flex-justify-content-flex-start fusion-content-layout-column\"><div class=\"fusion-text fusion-text-5\"><h2>Unsere Verpflichtung zur Qualit\u00e4t<\/h2>\n<\/div><div class=\"fusion-text fusion-text-6\"><p>Als Spezialist f\u00fcr Laborautomatisierung bieten wir ma\u00dfgeschneiderte L\u00f6sungen in den Bereichen:<\/p>\n<ul>\n<li>Automatisiertes Liquid Handling<\/li>\n<li>Tube Handling und Probenmanagement<\/li>\n<li>Etikettierung und Barcode-Systeme<\/li>\n<li>Pumpentechnologie und Dosiersysteme<\/li>\n<li>Individuelle Laborautomatisierungsl\u00f6sungen<\/li>\n<\/ul>\n<p>Unsere ISO 9001:2015 Zertifizierung stellt sicher, dass alle Prozesse \u2013 von der Planung \u00fcber die Entwicklung bis hin zur Produktion \u2013 strengen Qualit\u00e4tsstandards entsprechen. Regelm\u00e4\u00dfige Audits und ein prozessorientierter Ansatz erm\u00f6glichen es uns, unsere Systeme kontinuierlich zu verbessern und den sich wandelnden Anforderungen unserer Kunden gerecht zu werden.<\/p>\n<\/div><\/div><\/div><\/div><\/div><div class=\"fusion-fullwidth fullwidth-box fusion-builder-row-4 fusion-flex-container has-pattern-background has-mask-background nonhundred-percent-fullwidth non-hundred-percent-height-scrolling\" style=\"--awb-border-radius-top-left:0px;--awb-border-radius-top-right:0px;--awb-border-radius-bottom-right:0px;--awb-border-radius-bottom-left:0px;--awb-flex-wrap:wrap;\" ><div class=\"fusion-builder-row fusion-row fusion-flex-align-items-flex-start fusion-flex-content-wrap\" style=\"max-width:1357.2px;margin-left: calc(-4% \/ 2 );margin-right: calc(-4% \/ 2 );\"><div class=\"fusion-layout-column fusion_builder_column fusion-builder-column-4 fusion_builder_column_1_2 1_2 fusion-flex-column\" style=\"--awb-bg-size:cover;--awb-width-large:50%;--awb-margin-top-large:0px;--awb-spacing-right-large:3.84%;--awb-margin-bottom-large:20px;--awb-spacing-left-large:3.84%;--awb-width-medium:100%;--awb-order-medium:0;--awb-spacing-right-medium:1.92%;--awb-spacing-left-medium:1.92%;--awb-width-small:100%;--awb-order-small:0;--awb-spacing-right-small:1.92%;--awb-spacing-left-small:1.92%;\"><div class=\"fusion-column-wrapper fusion-column-has-shadow fusion-flex-justify-content-flex-start fusion-content-layout-column\"><div class=\"fusion-image-element \" style=\"--awb-caption-title-font-family:var(--h2_typography-font-family);--awb-caption-title-font-weight:var(--h2_typography-font-weight);--awb-caption-title-font-style:var(--h2_typography-font-style);--awb-caption-title-size:var(--h2_typography-font-size);--awb-caption-title-transform:var(--h2_typography-text-transform);--awb-caption-title-line-height:var(--h2_typography-line-height);--awb-caption-title-letter-spacing:var(--h2_typography-letter-spacing);\"><span class=\" fusion-imageframe imageframe-none imageframe-1 hover-type-none\"><img loading=\"lazy\" decoding=\"async\" width=\"1000\" height=\"1415\" alt=\"Certification HTI english 2024 bis 2027-1\" src=\"https:\/\/hti-automation.com\/wp-content\/uploads\/2024\/08\/Certicication-HTI-english-2024-bis-2027-1.webp\" class=\"img-responsive wp-image-8857\" srcset=\"https:\/\/hti-automation.com\/wp-content\/uploads\/2024\/08\/Certicication-HTI-english-2024-bis-2027-1-200x283.webp 200w, https:\/\/hti-automation.com\/wp-content\/uploads\/2024\/08\/Certicication-HTI-english-2024-bis-2027-1-400x566.webp 400w, https:\/\/hti-automation.com\/wp-content\/uploads\/2024\/08\/Certicication-HTI-english-2024-bis-2027-1-600x849.webp 600w, https:\/\/hti-automation.com\/wp-content\/uploads\/2024\/08\/Certicication-HTI-english-2024-bis-2027-1-800x1132.webp 800w, https:\/\/hti-automation.com\/wp-content\/uploads\/2024\/08\/Certicication-HTI-english-2024-bis-2027-1.webp 1000w\" sizes=\"auto, (max-width: 1024px) 100vw, (max-width: 640px) 100vw, 800px\" \/><\/span><\/div><\/div><\/div><div class=\"fusion-layout-column fusion_builder_column fusion-builder-column-5 fusion_builder_column_1_2 1_2 fusion-flex-column\" style=\"--awb-bg-size:cover;--awb-width-large:50%;--awb-margin-top-large:0px;--awb-spacing-right-large:3.84%;--awb-margin-bottom-large:20px;--awb-spacing-left-large:3.84%;--awb-width-medium:100%;--awb-order-medium:0;--awb-spacing-right-medium:1.92%;--awb-spacing-left-medium:1.92%;--awb-width-small:100%;--awb-order-small:0;--awb-spacing-right-small:1.92%;--awb-spacing-left-small:1.92%;\"><div class=\"fusion-column-wrapper fusion-column-has-shadow fusion-flex-justify-content-flex-start fusion-content-layout-column\"><div class=\"fusion-image-element \" style=\"--awb-caption-title-font-family:var(--h2_typography-font-family);--awb-caption-title-font-weight:var(--h2_typography-font-weight);--awb-caption-title-font-style:var(--h2_typography-font-style);--awb-caption-title-size:var(--h2_typography-font-size);--awb-caption-title-transform:var(--h2_typography-text-transform);--awb-caption-title-line-height:var(--h2_typography-line-height);--awb-caption-title-letter-spacing:var(--h2_typography-letter-spacing);\"><span class=\" fusion-imageframe imageframe-none imageframe-2 hover-type-none\"><img loading=\"lazy\" decoding=\"async\" width=\"1000\" height=\"1415\" alt=\"Zertifikat HTI 2024 bis 2027-1\" title=\"Zertifikat HTI 2024 bis 2027-1\" src=\"https:\/\/hti-automation.com\/wp-content\/uploads\/2024\/08\/Zertifikat-HTI-2024-bis-2027-1.webp\" class=\"img-responsive wp-image-8859\" srcset=\"https:\/\/hti-automation.com\/wp-content\/uploads\/2024\/08\/Zertifikat-HTI-2024-bis-2027-1-200x283.webp 200w, https:\/\/hti-automation.com\/wp-content\/uploads\/2024\/08\/Zertifikat-HTI-2024-bis-2027-1-400x566.webp 400w, https:\/\/hti-automation.com\/wp-content\/uploads\/2024\/08\/Zertifikat-HTI-2024-bis-2027-1-600x849.webp 600w, https:\/\/hti-automation.com\/wp-content\/uploads\/2024\/08\/Zertifikat-HTI-2024-bis-2027-1-800x1132.webp 800w, https:\/\/hti-automation.com\/wp-content\/uploads\/2024\/08\/Zertifikat-HTI-2024-bis-2027-1.webp 1000w\" sizes=\"auto, (max-width: 1024px) 100vw, (max-width: 640px) 100vw, 800px\" \/><\/span><\/div><\/div><\/div><\/div><\/div><div class=\"fusion-fullwidth fullwidth-box fusion-builder-row-5 fusion-flex-container has-pattern-background has-mask-background nonhundred-percent-fullwidth non-hundred-percent-height-scrolling\" style=\"--awb-border-radius-top-left:0px;--awb-border-radius-top-right:0px;--awb-border-radius-bottom-right:0px;--awb-border-radius-bottom-left:0px;--awb-flex-wrap:wrap;\" ><div class=\"fusion-builder-row fusion-row fusion-flex-align-items-flex-start fusion-flex-content-wrap\" style=\"max-width:1357.2px;margin-left: calc(-4% \/ 2 );margin-right: calc(-4% \/ 2 );\"><div class=\"fusion-layout-column fusion_builder_column fusion-builder-column-6 fusion_builder_column_1_1 1_1 fusion-flex-column\" style=\"--awb-padding-top:60px;--awb-padding-bottom:60px;--awb-bg-size:cover;--awb-width-large:100%;--awb-margin-top-large:0px;--awb-spacing-right-large:1.92%;--awb-margin-bottom-large:20px;--awb-spacing-left-large:1.92%;--awb-width-medium:100%;--awb-order-medium:0;--awb-spacing-right-medium:1.92%;--awb-spacing-left-medium:1.92%;--awb-width-small:100%;--awb-order-small:0;--awb-spacing-right-small:1.92%;--awb-spacing-left-small:1.92%;\" data-scroll-devices=\"small-visibility,medium-visibility,large-visibility\"><div class=\"fusion-column-wrapper fusion-column-has-shadow fusion-flex-justify-content-flex-start fusion-content-layout-column\"><div class=\"fusion-text fusion-text-7 fusion-text-no-margin\" style=\"--awb-margin-top:0px;--awb-margin-bottom:0px;\"><h2>Vorteile f\u00fcr unsere Kunden<\/h2>\n<\/div><div class=\"fusion-text fusion-text-8 fusion-text-no-margin\" style=\"--awb-margin-bottom:0px;\"><p>Durch die Implementierung eines zertifizierten Qualit\u00e4tsmanagementsystems profitieren unsere Kunden von:<\/p>\n<ul>\n<li>H\u00f6chster Prozesssicherheit<\/li>\n<li>Transparenter Dokumentation und Nachverfolgbarkeit<\/li>\n<li>Reduzierung von Fehlerquellen und Ausschuss<\/li>\n<li>Effizienter Projektabwicklung und termingerechter Lieferung<\/li>\n<li>Langfristiger Partnerschaft und kontinuierlicher Unterst\u00fctzung<\/li>\n<\/ul>\n<\/div><\/div><\/div><\/div><\/div><div class=\"fusion-fullwidth fullwidth-box fusion-builder-row-6 fusion-flex-container has-pattern-background has-mask-background nonhundred-percent-fullwidth non-hundred-percent-height-scrolling\" style=\"--awb-border-radius-top-left:0px;--awb-border-radius-top-right:0px;--awb-border-radius-bottom-right:0px;--awb-border-radius-bottom-left:0px;--awb-padding-bottom:60px;--awb-flex-wrap:wrap;\" ><div class=\"fusion-builder-row fusion-row fusion-flex-align-items-flex-start fusion-flex-content-wrap\" style=\"max-width:1357.2px;margin-left: calc(-4% \/ 2 );margin-right: calc(-4% \/ 2 );\"><div class=\"fusion-layout-column fusion_builder_column fusion-builder-column-7 fusion_builder_column_1_1 1_1 fusion-flex-column\" style=\"--awb-padding-top:60px;--awb-padding-bottom:60px;--awb-bg-size:cover;--awb-width-large:100%;--awb-margin-top-large:0px;--awb-spacing-right-large:1.92%;--awb-margin-bottom-large:20px;--awb-spacing-left-large:1.92%;--awb-width-medium:100%;--awb-order-medium:0;--awb-spacing-right-medium:1.92%;--awb-spacing-left-medium:1.92%;--awb-width-small:100%;--awb-order-small:0;--awb-spacing-right-small:1.92%;--awb-spacing-left-small:1.92%;\" data-scroll-devices=\"small-visibility,medium-visibility,large-visibility\"><div class=\"fusion-column-wrapper fusion-column-has-shadow fusion-flex-justify-content-flex-start fusion-content-layout-column\"><div class=\"fusion-text fusion-text-9 fusion-text-no-margin\" style=\"--awb-margin-top:0px;--awb-margin-bottom:0px;\"><h2 style=\"text-align: center;\">Vertrauen Sie auf zertifizierte Qualit\u00e4t<\/h2>\n<\/div><div class=\"fusion-text fusion-text-10 fusion-text-no-margin\" style=\"--awb-margin-top:0px;--awb-margin-bottom:20px;\"><p style=\"text-align: center;\">Unsere ISO 9001:2015 Zertifizierung ist ein Nachweis f\u00fcr unser Bestreben,<br \/>\nerstklassige Produkte und Dienstleistungen im Bereich der Laborautomatisierung zu liefern. Sie k\u00f6nnen das aktuelle Zertifikat hier einsehen:<\/p>\n<\/div><div style=\"text-align:center;\"><a class=\"fusion-button button-flat fusion-button-default-size button-default fusion-button-default button-1 fusion-button-default-span fusion-button-default-type\" target=\"_blank\" rel=\"noopener noreferrer\" href=\"https:\/\/hti-automation.com\/wp-content\/uploads\/2024\/08\/zertifikat-hti-2024-bis-2027.pdf\"><span class=\"fusion-button-text awb-button__text awb-button__text--default\">Zertifikat als PDF herunterladen<\/span><\/a><\/div><\/div><\/div><\/div><\/div><\/p>\n","protected":false},"excerpt":{"rendered":"","protected":false},"author":1,"featured_media":0,"parent":0,"menu_order":150,"comment_status":"closed","ping_status":"closed","template":"100-width.php","meta":{"footnotes":""},"class_list":["post-4764","page","type-page","status-publish","hentry"],"_links":{"self":[{"href":"https:\/\/hti-automation.com\/de\/wp-json\/wp\/v2\/pages\/4764","targetHints":{"allow":["GET"]}}],"collection":[{"href":"https:\/\/hti-automation.com\/de\/wp-json\/wp\/v2\/pages"}],"about":[{"href":"https:\/\/hti-automation.com\/de\/wp-json\/wp\/v2\/types\/page"}],"author":[{"embeddable":true,"href":"https:\/\/hti-automation.com\/de\/wp-json\/wp\/v2\/users\/1"}],"replies":[{"embeddable":true,"href":"https:\/\/hti-automation.com\/de\/wp-json\/wp\/v2\/comments?post=4764"}],"version-history":[{"count":42,"href":"https:\/\/hti-automation.com\/de\/wp-json\/wp\/v2\/pages\/4764\/revisions"}],"predecessor-version":[{"id":10517,"href":"https:\/\/hti-automation.com\/de\/wp-json\/wp\/v2\/pages\/4764\/revisions\/10517"}],"wp:attachment":[{"href":"https:\/\/hti-automation.com\/de\/wp-json\/wp\/v2\/media?parent=4764"}],"curies":[{"name":"wp","href":"https:\/\/api.w.org\/{rel}","templated":true}]}}